{"id":5684,"date":"2020-01-20T13:01:48","date_gmt":"2020-01-20T18:01:48","guid":{"rendered":"http:\/\/www.coomulsap.com\/portal\/?page_id=5684"},"modified":"2020-02-10T08:39:23","modified_gmt":"2020-02-10T13:39:23","slug":"nuestra-cooperativa","status":"publish","type":"page","link":"https:\/\/www.coomulsap.com\/portal\/nuestra-cooperativa\/","title":{"rendered":"Nuestra Cooperativa"},"content":{"rendered":"<p><section id=\"bt_section69e4fa811dd48\"  class=\"boldSection inherit\" ><div class=\"port\"><div class=\"boldCell\"><div class=\"boldCellInner\"><div class=\"boldRow \" ><div class=\"boldRowInner\"><div class=\"rowItem col-md-12 col-ms-12  btTextLeft inherit\"  data-width=\"12\"><div class=\"rowItemContent\" ><div class=\"slided autoSliderHeight btSliderHidePaging\"  data-simple_arrows=\"no\"><div class=\"slidedItem firstItem\"  data-thumb=\"https:\/\/www.coomulsap.com\/portal\/wp-content\/uploads\/2020\/02\/banner_ne.png\"><div class=\"btSliderPort wBackground cover\" style=\"background-image: url('https:\/\/www.coomulsap.com\/portal\/wp-content\/uploads\/2020\/02\/banner_ne.png')\"><div class=\"btSliderCell\" data-slick=\"yes\"><div class=\"btSlideGutter\"><div class=\"btSlidePane\"><div class=\"boldRow \" ><div class=\"boldRowInner\"><div class=\"rowItem rowInnerItem col-lg-6  btTextLeft inherit\"  ><div class=\"rowItemContent\"><\/div><\/div><div class=\"rowItem rowInnerItem col-lg-6  btTextRight inherit btDarkSkin\"  ><div class=\"rowItemContent\"><div class=\"btClear btSeparator topSpaced bottomLargeSpaced noBorder\" ><hr><\/div><header class=\"header btClear extralarge\" ><div class=\"dash\"><h1><span class=\"headline\">NUESTRA<br \/><br>COOPERATIVA<\/span><\/h1><\/div><\/header><\/div><\/div><\/div><\/div><\/div><\/div><\/div><\/div><\/div><\/div><\/div><\/div><\/div><\/div><\/div><\/div><\/div><\/section><section id=\"bt_section69e4fa811e301\"  class=\"boldSection gutter inherit\" ><div class=\"port\"><div class=\"boldCell\"><div class=\"boldCellInner\"><div class=\"boldRow \" ><div class=\"boldRowInner\"><div class=\"rowItem col-md-12 col-ms-12  btTextLeft animate animate-fadein animate-moveup btTopVertical\"  data-width=\"12\"><div class=\"rowItemContent\" ><div class=\"btClear btSeparator topSpaced noBorder\" ><hr><\/div><div class=\"btText\" ><\/p>\n<p>COOMULSAP es una cooperativa multiactiva donde se desarrolla proyectos educativo\/ empresariales con un alto grado de responsabilidad social e incorporando a la comunidad a sus proyectos en pro de ella.<\/p>\n<p>Contamos con proyectos educativos como lo es: Educaci\u00f3n Inicial, Educaci\u00f3n Regular, Educaci\u00f3n para J\u00f3venes y Adultos, Educaci\u00f3n para el Trabajo y el Desarrollo Humano, Planta de L\u00e1cteos,Planta de Alimentos, Construcci\u00f3n y Proyectos Ambientales.<br \/>\nNuestra sede administrativa est\u00e1 ubicada en San Antonio de Prado, contamos con sedes en Medell\u00edn y hacemos presencia en diferentes municipios de Antioquia.<\/p>\n<p>\n<\/div><div class=\"btClear btSeparator topSpaced noBorder\" ><hr><\/div><\/div><\/div><\/div><\/div><\/div><\/div><\/div><\/section><\/p>\n","protected":false},"excerpt":{"rendered":"","protected":false},"author":1,"featured_media":0,"parent":0,"menu_order":0,"comment_status":"closed","ping_status":"closed","template":"","meta":[],"_links":{"self":[{"href":"https:\/\/www.coomulsap.com\/portal\/wp-json\/wp\/v2\/pages\/5684"}],"collection":[{"href":"https:\/\/www.coomulsap.com\/portal\/wp-json\/wp\/v2\/pages"}],"about":[{"href":"https:\/\/www.coomulsap.com\/portal\/wp-json\/wp\/v2\/types\/page"}],"author":[{"embeddable":true,"href":"https:\/\/www.coomulsap.com\/portal\/wp-json\/wp\/v2\/users\/1"}],"replies":[{"embeddable":true,"href":"https:\/\/www.coomulsap.com\/portal\/wp-json\/wp\/v2\/comments?post=5684"}],"version-history":[{"count":10,"href":"https:\/\/www.coomulsap.com\/portal\/wp-json\/wp\/v2\/pages\/5684\/revisions"}],"predecessor-version":[{"id":6680,"href":"https:\/\/www.coomulsap.com\/portal\/wp-json\/wp\/v2\/pages\/5684\/revisions\/6680"}],"wp:attachment":[{"href":"https:\/\/www.coomulsap.com\/portal\/wp-json\/wp\/v2\/media?parent=5684"}],"curies":[{"name":"wp","href":"https:\/\/api.w.org\/{rel}","templated":true}]}}