{"id":5709,"date":"2020-01-21T10:25:28","date_gmt":"2020-01-21T15:25:28","guid":{"rendered":"http:\/\/www.coomulsap.com\/portal\/?page_id=5709"},"modified":"2020-01-26T15:41:37","modified_gmt":"2020-01-26T20:41:37","slug":"nuestros-valores","status":"publish","type":"page","link":"https:\/\/www.coomulsap.com\/portal\/nuestros-valores\/","title":{"rendered":"Nuestros Valores"},"content":{"rendered":"<p><section id=\"bt_section6a00771cdc1ed\"  class=\"boldSection topLargeSpaced bottomExtraSmallSpaced gutter inherit wBackground cover btBackgroundOverlay btSolidDarkBackground\" style=\"background-image:url('https:\/\/www.coomulsap.com\/portal\/wp-content\/uploads\/2020\/01\/WhatsApp-Image-2019-06-29-at-1.05.11-PM.png');\"><div class=\"port\"><div class=\"boldCell\"><div class=\"boldCellInner\"><div class=\"boldRow \" ><div class=\"boldRowInner\"><div class=\"rowItem col-md-12 col-ms-12  btTextRight inherit btDarkSkin\"  data-width=\"12\"><div class=\"rowItemContent\" ><div class=\"btClear btSeparator topSemiSpaced bottomSpaced noBorder\" ><hr><\/div><header class=\"header btClear extralarge\" ><div class=\"dash\"><h1><span class=\"headline\">Nuestros Valores<\/span><\/h1><\/div><\/header><\/div><\/div><\/div><\/div><\/div><\/div><\/div><\/section><section id=\"bt_section6a00771cdc3b4\"  class=\"boldSection gutter\" ><div class=\"port\"><div class=\"boldCell\"><div class=\"boldCellInner\"><div class=\"boldRow \" ><div class=\"boldRowInner\"><div class=\"rowItem col-md-12 col-ms-12  btTextLeft\"  data-width=\"12\"><div class=\"rowItemContent\" ><div class=\"btClear btSeparator topSpaced bottomExtraSmallSpaced noBorder\" ><hr><\/div><div class=\"btText\" ><\/p>\n<h2>Coomulsap trabaja enmarcado en los valores cooperativos:<\/h2>\n<p>\n<\/div><div class=\"btClear btSeparator topExtraSmallSpaced bottomSpaced border\" ><hr><\/div><\/div><\/div><\/div><\/div><div class=\"boldRow \" ><div class=\"boldRowInner\"><div class=\"rowItem col-md-3 col-sm-6 col-ms-12 btTextCenter animate animate-fadein animate-movedown btMiddleVertical btDarkSkin\" style=\"background-color: rgba(30, 115, 190, 1); \" data-width=\"3\"><div class=\"rowItemContent\" ><div class=\"btIconImageRow\" ><span class=\"btIco btIcoDefaultType btIcoLargeSize btDefaultIcon\"><span  data-ico-s7=\"&#xe64a;\" class=\"btIcoHolder\"><\/span><\/span><\/div><\/div><\/div><div class=\"rowItem col-md-3 col-sm-6 col-ms-12 btTextLeft animate animate-fadein animate-movedown btTopVertical\"  data-width=\"3\"><div class=\"rowItemContent\" ><div class=\"btClear btSeparator topSmallSpaced noBorder\" ><hr><\/div><div class=\"btText\" ><\/p>\n<h3>Ayuda Mutua:<\/h3>\n<p>Se da la \u201cayuda mutua\u201d cuando dos o m\u00e1s personas se socorren y cooperan entre s\u00ed para lograr\u00a0 las metas individuales o colectivas propuestas.<\/p>\n<p>\n<\/div><div class=\"btClear btSeparator bottomSemiSpaced noBorder\" ><hr><\/div><\/div><\/div><div class=\"rowItem col-md-3 col-sm-6 col-ms-12 btTextCenter animate animate-fadein animate-movedown btMiddleVertical btDarkSkin\" style=\"background-color: rgba(68, 165, 51, 1); \" data-width=\"3\"><div class=\"rowItemContent\" ><div class=\"btIconImageRow\" ><span class=\"btIco btIcoDefaultType btIcoLargeSize btDefaultIcon\"><span  data-ico-fa=\"&#xf2b5;\" class=\"btIcoHolder\"><\/span><\/span><\/div><\/div><\/div><div class=\"rowItem col-md-3 col-sm-6 col-ms-12 btTextLeft animate animate-fadein animate-movedown btTopVertical\"  data-width=\"3\"><div class=\"rowItemContent\" ><div class=\"btClear btSeparator topSmallSpaced noBorder\" ><hr><\/div><div class=\"btText\" ><\/p>\n<h3>Responsabilidad:<\/h3>\n<p>La \u201cresponsabilidad\u201d es la obligaci\u00f3n de responder por los propios actos. Es tambi\u00e9n garantizar el\u00a0 cumplimiento de los compromisos adquiridos.<\/p>\n<p>\n<\/div><div class=\"btClear btSeparator bottomSemiSpaced noBorder\" ><hr><\/div><\/div><\/div><\/div><\/div><div class=\"boldRow \" ><div class=\"boldRowInner\"><div class=\"rowItem col-md-3 col-sm-6 col-ms-12 btTextLeft animate animate-fadein animate-movedown btTopVertical\"  data-width=\"3\"><div class=\"rowItemContent\" ><div class=\"btClear btSeparator topSmallSpaced noBorder\" ><hr><\/div><div class=\"btText\" ><\/p>\n<h3>Democracia:<\/h3>\n<p>En el cooperativismo hay \u201cdemocracia\u201d cuando los(as) asociados(as) mantienen el control de la cooperativa participando activamente en la toma de decisiones en asambleas generales, en \u00f3rganos sociales a trav\u00e9s de sus representantes o en otros espacios de poder.<\/p>\n<p>\n<\/div><div class=\"btClear btSeparator bottomSemiSpaced noBorder\" ><hr><\/div><\/div><\/div><div class=\"rowItem col-md-3 col-sm-6 col-ms-12 btTextCenter animate animate-fadein animate-movedown btMiddleVertical btDarkSkin\" style=\"background-color: rgba(252, 75, 40, 1); \" data-width=\"3\"><div class=\"rowItemContent\" ><div class=\"btIconImageRow\" ><span class=\"btIco btIcoDefaultType btIcoLargeSize btDefaultIcon\"><span  data-ico-fa=\"&#xf24e;\" class=\"btIcoHolder\"><\/span><\/span><\/div><\/div><\/div><div class=\"rowItem col-md-3 col-sm-6 col-ms-12 btTextLeft animate animate-fadein animate-movedown btTopVertical\"  data-width=\"3\"><div class=\"rowItemContent\" ><div class=\"btClear btSeparator topSmallSpaced noBorder\" ><hr><\/div><div class=\"btText\" ><\/p>\n<h3>Igualdad:<\/h3>\n<p>Consiste en ofrecer el mismo trato y condiciones de desarrollo a cada asociado(a) sin discriminaci\u00f3n de sexo, etnia, clase social, credo y capacidad intelectual o f\u00edsica.<\/p>\n<p>\n<\/div><div class=\"btClear btSeparator bottomSemiSpaced noBorder\" ><hr><\/div><\/div><\/div><div class=\"rowItem col-md-3 col-sm-6 col-ms-12 btTextCenter animate animate-fadein animate-movedown btMiddleVertical btDarkSkin\" style=\"background-color: rgba(130, 40, 135, 1); \" data-width=\"3\"><div class=\"rowItemContent\" ><div class=\"btIconImageRow\" ><span class=\"btIco btIcoDefaultType btIcoLargeSize btDefaultIcon\"><span  data-ico-fa=\"&#xf224;\" class=\"btIcoHolder\"><\/span><\/span><\/div><\/div><\/div><\/div><\/div><div class=\"boldRow \" ><div class=\"boldRowInner\"><div class=\"rowItem col-md-3 col-sm-6 col-ms-12 btTextCenter animate animate-fadein animate-movedown btMiddleVertical btDarkSkin\" style=\"background-color: rgba(188, 7, 149, 1); \" data-width=\"3\"><div class=\"rowItemContent\" ><div class=\"btIconImageRow\" ><span class=\"btIco btIcoDefaultType btIcoLargeSize btDefaultIcon\"><span  data-ico-fa=\"&#xf009;\" class=\"btIcoHolder\"><\/span><\/span><\/div><\/div><\/div><div class=\"rowItem col-md-3 col-sm-6 col-ms-12 btTextLeft animate animate-fadein animate-movedown btTopVertical\"  data-width=\"3\"><div class=\"rowItemContent\" ><div class=\"btClear btSeparator topSmallSpaced noBorder\" ><hr><\/div><div class=\"btText\" ><\/p>\n<h3>Equidad:<\/h3>\n<p>La \u201cequidad\u201d se refiere a la noci\u00f3n de justicia de dar a cada cual lo que se merece o ha ganado seg\u00fan sea su grado de participaci\u00f3n o aporte y reconociendo sus condiciones y caracter\u00edsticas especiales. Es decir, tomando en cuenta la diferencia.<\/p>\n<p>\n<\/div><div class=\"btClear btSeparator bottomSemiSpaced noBorder\" ><hr><\/div><\/div><\/div><div class=\"rowItem col-md-3 col-sm-6 col-ms-12 btTextCenter animate animate-fadein animate-movedown btMiddleVertical btDarkSkin\" style=\"background-color: rgba(23, 93, 107, 1); \" data-width=\"3\"><div class=\"rowItemContent\" ><div class=\"btIconImageRow\" ><span class=\"btIco btIcoDefaultType btIcoLargeSize btDefaultIcon\"><span  data-ico-es=\"&#xea63;\" class=\"btIcoHolder\"><\/span><\/span><\/div><\/div><\/div><div class=\"rowItem col-md-3 col-sm-6 col-ms-12 btTextLeft animate animate-fadein animate-movedown btTopVertical\"  data-width=\"3\"><div class=\"rowItemContent\" ><div class=\"btClear btSeparator topSmallSpaced noBorder\" ><hr><\/div><div class=\"btText\" ><\/p>\n<h3>Solidaridad:<\/h3>\n<p>Es la adhesi\u00f3n libre y voluntaria a una causa o empresa, creando una relaci\u00f3n humana de mutuo apoyo donde la felicidad particular depende de la felicidad colectiva. Es entonces la comunidad de intereses, sentimientos y prop\u00f3sitos.<\/p>\n<p>\n<\/div><div class=\"btClear btSeparator bottomSemiSpaced noBorder\" ><hr><\/div><\/div><\/div><\/div><\/div><div class=\"boldRow \" ><div class=\"boldRowInner\"><div class=\"rowItem col-md-3 col-sm-6 col-ms-12 btTextLeft animate animate-fadein animate-movedown btTopVertical\"  data-width=\"3\"><div class=\"rowItemContent\" ><div class=\"btClear btSeparator topSmallSpaced noBorder\" ><hr><\/div><div class=\"btText\" ><\/p>\n<h3>Honestidad:<\/h3>\n<p>Es la honradez, la dignidad y la decencia en la conducta de los(as) asociados(as). La persona honesta es incapaz de robar, estafar o defraudar.<\/p>\n<p>\n<\/div><div class=\"btClear btSeparator bottomSemiSpaced noBorder\" ><hr><\/div><\/div><\/div><div class=\"rowItem col-md-3 col-sm-6 col-ms-12 btTextCenter animate animate-fadein animate-movedown btMiddleVertical btDarkSkin\" style=\"background-color: rgba(234, 208, 37, 1); \" data-width=\"3\"><div class=\"rowItemContent\" ><div class=\"btIconImageRow\" ><span class=\"btIco btIcoDefaultType btIcoLargeSize btDefaultIcon\"><span  data-ico-fa=\"&#xf2a3;\" class=\"btIcoHolder\"><\/span><\/span><\/div><\/div><\/div><div class=\"rowItem col-md-3 col-sm-6 col-ms-12 btTextLeft animate animate-fadein animate-movedown btTopVertical\"  data-width=\"3\"><div class=\"rowItemContent\" ><div class=\"btClear btSeparator topSmallSpaced noBorder\" ><hr><\/div><div class=\"btText\" ><\/p>\n<h3>Transparencia:<\/h3>\n<p>En una cooperativa hay \u201ctransparencia\u201d cuando la informaci\u00f3n es administrada entre asociados(as) y dirigentes de manera clara, veraz y oportuna. En la base de la transparencia est\u00e1 la confianza, la comunicaci\u00f3n y la franqueza. Se oponen a ella el encubrimiento y el enga\u00f1o.<\/p>\n<p>\n<\/div><div class=\"btClear btSeparator bottomSemiSpaced noBorder\" ><hr><\/div><\/div><\/div><div class=\"rowItem col-md-3 col-sm-6 col-ms-12 btTextCenter animate animate-fadein animate-movedown btMiddleVertical btDarkSkin\" style=\"background-color: rgba(134, 165, 48, 1); \" data-width=\"3\"><div class=\"rowItemContent\" ><div class=\"btIconImageRow\" ><span class=\"btIco btIcoDefaultType btIcoLargeSize btDefaultIcon\"><span  data-ico-fa=\"&#xf21d;\" class=\"btIcoHolder\"><\/span><\/span><\/div><\/div><\/div><\/div><\/div><div class=\"boldRow \" ><div class=\"boldRowInner\"><div class=\"rowItem col-md-3 col-sm-6 col-ms-12 btTextCenter animate animate-fadein animate-movedown btMiddleVertical btDarkSkin\" style=\"background-color: rgba(9, 206, 237, 1); \" data-width=\"3\"><div class=\"rowItemContent\" ><div class=\"btIconImageRow\" ><span class=\"btIco btIcoDefaultType btIcoLargeSize btDefaultIcon\"><span  data-ico-fa=\"&#xf0c0;\" class=\"btIcoHolder\"><\/span><\/span><\/div><\/div><\/div><div class=\"rowItem col-md-3 col-sm-6 col-ms-12 btTextLeft animate animate-fadein animate-movedown btTopVertical\"  data-width=\"3\"><div class=\"rowItemContent\" ><div class=\"btClear btSeparator topSmallSpaced noBorder\" ><hr><\/div><div class=\"btText\" ><\/p>\n<h3>Responsabilidad Social:<\/h3>\n<p>En el cooperativismo la \u201cresponsabilidad social\u201d se vincula al compromiso con el desarrollo de la comunidad. Por ello las cooperativas son agentes activos en la generaci\u00f3n de empleo y en la justa distribuci\u00f3n de la riqueza.<\/p>\n<p>\n<\/div><div class=\"btClear btSeparator bottomSemiSpaced noBorder\" ><hr><\/div><\/div><\/div><div class=\"rowItem col-md-3 col-sm-6 col-ms-12 btTextCenter animate animate-fadein animate-movedown btMiddleVertical btDarkSkin\" style=\"background-color: rgba(107, 27, 27, 1); \" data-width=\"3\"><div class=\"rowItemContent\" ><div class=\"btIconImageRow\" ><span class=\"btIco btIcoDefaultType btIcoLargeSize btDefaultIcon\"><span  data-ico-fa=\"&#xf1d7;\" class=\"btIcoHolder\"><\/span><\/span><\/div><\/div><\/div><div class=\"rowItem col-md-3 col-sm-6 col-ms-12 btTextLeft animate animate-fadein animate-movedown btTopVertical\"  data-width=\"3\"><div class=\"rowItemContent\" ><div class=\"btClear btSeparator topSmallSpaced noBorder\" ><hr><\/div><div class=\"btText\" ><\/p>\n<h3>Preocupaci\u00f3n por los Dem\u00e1s:<\/h3>\n<p>Hasta no lograr el bienestar material y espiritual de las personas que le rodean, el cooperativista aut\u00e9ntico estar\u00e1 en una condici\u00f3n de inquietud o desasosiego, buscando soluciones a los problemas sociales. Eso es \u201cpreocupaci\u00f3n por los dem\u00e1s\u201d.<\/p>\n<p>\n<\/div><div class=\"btClear btSeparator bottomSemiSpaced noBorder\" ><hr><\/div><\/div><\/div><\/div><\/div><\/div><\/div><\/div><\/section><\/p>\n","protected":false},"excerpt":{"rendered":"","protected":false},"author":2,"featured_media":0,"parent":0,"menu_order":0,"comment_status":"closed","ping_status":"closed","template":"","meta":[],"_links":{"self":[{"href":"https:\/\/www.coomulsap.com\/portal\/wp-json\/wp\/v2\/pages\/5709"}],"collection":[{"href":"https:\/\/www.coomulsap.com\/portal\/wp-json\/wp\/v2\/pages"}],"about":[{"href":"https:\/\/www.coomulsap.com\/portal\/wp-json\/wp\/v2\/types\/page"}],"author":[{"embeddable":true,"href":"https:\/\/www.coomulsap.com\/portal\/wp-json\/wp\/v2\/users\/2"}],"replies":[{"embeddable":true,"href":"https:\/\/www.coomulsap.com\/portal\/wp-json\/wp\/v2\/comments?post=5709"}],"version-history":[{"count":5,"href":"https:\/\/www.coomulsap.com\/portal\/wp-json\/wp\/v2\/pages\/5709\/revisions"}],"predecessor-version":[{"id":6023,"href":"https:\/\/www.coomulsap.com\/portal\/wp-json\/wp\/v2\/pages\/5709\/revisions\/6023"}],"wp:attachment":[{"href":"https:\/\/www.coomulsap.com\/portal\/wp-json\/wp\/v2\/media?parent=5709"}],"curies":[{"name":"wp","href":"https:\/\/api.w.org\/{rel}","templated":true}]}}