{"id":6034,"date":"2020-01-26T20:56:45","date_gmt":"2020-01-27T01:56:45","guid":{"rendered":"http:\/\/www.coomulsap.com\/portal\/?page_id=6034"},"modified":"2020-07-30T08:14:27","modified_gmt":"2020-07-30T13:14:27","slug":"planta-de-alimentos-aldeas-solidarias","status":"publish","type":"page","link":"https:\/\/www.coomulsap.com\/portal\/planta-de-alimentos-aldeas-solidarias\/","title":{"rendered":"Planta de Alimentos Aldeas Solidarias"},"content":{"rendered":"<p><section id=\"bt_section6a0074690c27a\"  class=\"boldSection topLargeSpaced bottomExtraSmallSpaced gutter inherit wBackground cover btBackgroundOverlay btSolidDarkBackground\" style=\"background-image:url('https:\/\/www.coomulsap.com\/portal\/wp-content\/uploads\/2020\/02\/pa_banner.png');\"><div class=\"port\"><div class=\"boldCell\"><div class=\"boldCellInner\"><div class=\"boldRow \" ><div class=\"boldRowInner\"><div class=\"rowItem col-md-12 col-ms-12  btTextRight inherit btDarkSkin\"  data-width=\"12\"><div class=\"rowItemContent\" ><div class=\"btClear btSeparator topSemiSpaced bottomSpaced noBorder\" ><hr><\/div><header class=\"header btClear extralarge\" ><div class=\"dash\"><h1><span class=\"headline\">Planta de Alimentos Aldeas Solidarias<\/span><\/h1><\/div><\/header><\/div><\/div><\/div><\/div><\/div><\/div><\/div><\/section><section id=\"bt_section6a0074690c460\"  class=\"boldSection gutter\" ><div class=\"port\"><div class=\"boldCell\"><div class=\"boldCellInner\"><div class=\"boldRow \" ><div class=\"boldRowInner\"><div class=\"rowItem col-md-6 col-sm-12 btTextLeft\"  data-width=\"6\"><div class=\"rowItemContent\" ><div class=\"btClear btSeparator bottomSpaced noBorder\" ><hr><\/div><div class=\"boldRow \" ><div class=\"boldRowInner\"><div class=\"rowItem rowInnerItem col-lg-12  btTextCenter inherit\"  ><div class=\"rowItemContent\"><div class=\"bpgPhoto  btRoundedImage\" ><div class = \"btImage\"><img src=\"https:\/\/www.coomulsap.com\/portal\/wp-content\/uploads\/2020\/02\/pa1.png\" alt=\"\" title=\"\"><\/div><\/div><div class=\"btClear btSeparator bottomSpaced noBorder\" ><hr><\/div><div class=\"bpgPhoto  btRoundedImage\" ><div class = \"btImage\"><img src=\"https:\/\/www.coomulsap.com\/portal\/wp-content\/uploads\/2020\/02\/pa3.png\" alt=\"\" title=\"\"><\/div><\/div><div class=\"btClear btSeparator bottomSpaced noBorder\" ><hr><\/div><div class=\"bpgPhoto  btRoundedImage\" ><div class = \"btImage\"><img src=\"https:\/\/www.coomulsap.com\/portal\/wp-content\/uploads\/2020\/02\/pa4.png\" alt=\"\" title=\"\"><\/div><\/div><div class=\"btClear btSeparator bottomSpaced noBorder\" ><hr><\/div><div class=\"bpgPhoto  btRoundedImage\" ><div class = \"btImage\"><img src=\"https:\/\/www.coomulsap.com\/portal\/wp-content\/uploads\/2020\/02\/pa2.png\" alt=\"\" title=\"\"><\/div><\/div><div class=\"btClear btSeparator bottomSpaced noBorder\" ><hr><\/div><\/div><\/div><\/div><\/div><\/div><\/div><div class=\"rowItem col-md-6 col-sm-12 btTextLeft\"  data-width=\"6\"><div class=\"rowItemContent\" ><div class=\"btClear btSeparator bottomSpaced noBorder\" ><hr><\/div><div class=\"btText\" ><\/p>\n<p>La planta de alimentos nace en el a\u00f1o 2011 como respuesta a la necesidad que ten\u00eda el programa de Educaci\u00f3n Inicial de garantizar la calidad de la alimentaci\u00f3n ofrecida a los ni\u00f1os y ni\u00f1as beneficiarios de los centros infantiles operados por COOMULSAP que se atend\u00edan en el momento en toda la ciudad de Medell\u00edn.<\/p>\n<p>Con el paso de los a\u00f1os la transformaci\u00f3n ha sido importante, cumplimos con el objetivo trazado, y no solo hemos atendido a nuestros centros infantiles sino tambi\u00e9n a entidades aliadas del programa Buen Comienzo e ICBF que han depositado su confianza en nosotros por el respaldo que da tener una planta de producci\u00f3n, que a la fecha cumple a cabalidad con los est\u00e1ndares sanitarios requeridos seg\u00fan la normatividad vigente; lo cual nos ha permitido expandir nuestro campo de acci\u00f3n incursionando en nuevas l\u00edneas de producci\u00f3n como lo son la preparaci\u00f3n de comidas para eventos especiales y refrigerios corporativos.<\/p>\n<p>Contamos a la fecha, adem\u00e1s, con personal calificado para la labor que realizamos, avanzando en procesos de tecnificaci\u00f3n a fin de garantizar la calidad nutricional, sensorial y microbiol\u00f3gica de la alimentaci\u00f3n que preparamos, ofreciendo a nuestros clientes productos elaborados con materias primas de alta calidad que proporcionan confiabilidad en el proceso.<\/p>\n<p>Estamos en capacidad de producir alimentaci\u00f3n para grandes eventos, teniendo en cuenta que diariamente atendemos 4000 servicios sin descuidar elementos tan importantes como la oportunidad en la entrega y la satisfacci\u00f3n del cliente.<\/p>\n<p>Nuestra capacidad de producci\u00f3n es amplia, no solo en cantidad sino adem\u00e1s en variedad de productos alimenticios de consumo inmediato entre los que podemos mencionar: Desayunos, almuerzos o comidas completas, refrigerios empacados o servidos en el sitio, platos especiales de acuerdo a la necesidad del cliente, entre otras posibilidades que podr\u00edamos explorar dentro de todo lo que abarque el concepto listo para el consumo.<\/p>\n<p>Sabemos y somos conscientes que nuestro el principal eje transformador es el talento humano; sabemos tambi\u00e9n que es el mejor recurso para la sostenibilidad de nuestra planta de alimentos, y la construcci\u00f3n de una sociedad m\u00e1s justa. Nuestros empleados son conscientes de la gran labor que los habita y su vocaci\u00f3n constante, hace de nuestro producto, excelente en su calidad, pero sobre todo en su servicio eficiente, constante y transformador.<\/p>\n<p>\n<\/div><\/div><\/div><\/div><\/div><\/div><\/div><\/div><\/section><section id=\"bt_section6a0074690d00d\" data-parallax=\"0\" data-parallax-offset=\"0\" class=\"boldSection topLargeSpaced bottomLargeSpaced gutter inherit btParallax wBackground cover btBackgroundOverlay btSolidLightBackground\" style=\"background-image:url('https:\/\/www.coomulsap.com\/portal\/wp-content\/uploads\/2020\/01\/parallax_background2.jpg');\"><div class=\"port\"><div class=\"boldCell\"><div class=\"boldCellInner\"><div class=\"boldRow \" ><div class=\"boldRowInner\"><div class=\"rowItem col-md-2  col-sm-4 col-ms-12 btTextLeft\"  data-width=\"2\"><div class=\"rowItemContent\" ><\/div><\/div><div class=\"rowItem col-md-8 col-ms-12 btTextCenter animate animate-fadein inherit\"  data-width=\"8\"><div class=\"rowItemContent\" ><header class=\"header btClear extralarge\" ><div class=\"dash\"><h1><span class=\"headline\">Ultimas Noticias<\/span><\/h1><\/div><\/header><div class=\"btText\" ><\/div><\/div><\/div><div class=\"rowItem col-md-2  col-sm-4 col-ms-12 btTextLeft\"  data-width=\"2\"><div class=\"rowItemContent\" ><\/div><\/div><\/div><\/div><div class=\"boldRow \" ><div class=\"boldRowInner\"><div class=\"rowItem col-md-12 col-ms-12  btTextLeft\"  data-width=\"12\"><div class=\"rowItemContent\" ><div class=\"btClear btSeparator topSemiSpaced bottomSpaced border\" ><hr><\/div><div class=\"btLatestPostsContainer horizontalPosts \" >\n\t\t\t\t<div class=\"btSingleLatestPost col-sm-4 col-ms-12  inherit\"><div class=\"btSingleLatestPostImage btTextCenter\"><div class=\"bpgPhoto \" > \r\n\t\t\t\t\t<a href=\"https:\/\/www.coomulsap.com\/portal\/2021\/06\/23\/receta-burritos-mexicanos-con-carne-picada-y-frijoles\/\" target=\"_self\" title=\"\"><\/a>\r\n\t\t\t\t\t<div class=\"boldPhotoBox\"><div class=\"bpbItem\"><div class = \"btImage\"><img src=\"https:\/\/www.coomulsap.com\/portal\/wp-content\/uploads\/2021\/07\/Burritos1.jpg\" alt=\"\" title=\"\"><\/div><\/div><\/div>\r\n\t\t\t\t\t<div class=\"captionPane btDarkSkin btTextCenter\">\r\n\t\t\t\t\t\t<div class=\"captionTable\">\r\n\t\t\t\t\t\t\t<div class=\"captionCell\">\r\n\t\t\t\t\t\t\t\t<div class=\"captionTxt\"><\/div>\r\n\t\t\t\t\t\t\t<\/div>\r\n\t\t\t\t\t\t<\/div>\r\n\t\t\t\t\t<\/div><\/div><\/div><div class = \"btSingleLatestPostContent\">\n\t\t\t\t\t\t<header class=\"header btClear small\" ><div class=\"dash\"><h4><span class=\"headline\"><a href=\"https:\/\/www.coomulsap.com\/portal\/2021\/06\/23\/receta-burritos-mexicanos-con-carne-picada-y-frijoles\/\" target=\"_self\">Receta: Burritos mexicanos con carne picada y frijoles<\/a><\/span><\/h4><\/div><\/header>\n\t\t\t\t<p class=\"btLatestPostContent\"><p>La comida mexicana es una de las gastronom\u00edas m\u00e1s reconocidas en todo el mundo, sus platos est\u00e1n cargados de sabor, condimentos y pique. Si bien es dif\u00edcil lograr el pique como lo hacen originariamente en M\u00e9xico, sus platos han tenido un sin fin de adaptaciones con los ingredientes que tenemos en nuestra regi\u00f3n y seg\u00fan el gusto de los comensales.&hellip;<\/p><\/p>\n\t\t\t\t\t<\/div>\n\t\t\t\t<\/div>\n\t\t\t\t<div class=\"btSingleLatestPost col-sm-4 col-ms-12  inherit\"><div class=\"btSingleLatestPostImage btTextCenter\"><div class=\"bpgPhoto \" > \r\n\t\t\t\t\t<a href=\"https:\/\/www.coomulsap.com\/portal\/2021\/05\/19\/risotto-de-pollo-con-champinones\/\" target=\"_self\" title=\"\"><\/a>\r\n\t\t\t\t\t<div class=\"boldPhotoBox\"><div class=\"bpbItem\"><div class = \"btImage\"><img src=\"https:\/\/www.coomulsap.com\/portal\/wp-content\/uploads\/2021\/05\/Risotto03.jpg\" alt=\"\" title=\"\"><\/div><\/div><\/div>\r\n\t\t\t\t\t<div class=\"captionPane btDarkSkin btTextCenter\">\r\n\t\t\t\t\t\t<div class=\"captionTable\">\r\n\t\t\t\t\t\t\t<div class=\"captionCell\">\r\n\t\t\t\t\t\t\t\t<div class=\"captionTxt\"><\/div>\r\n\t\t\t\t\t\t\t<\/div>\r\n\t\t\t\t\t\t<\/div>\r\n\t\t\t\t\t<\/div><\/div><\/div><div class = \"btSingleLatestPostContent\">\n\t\t\t\t\t\t<header class=\"header btClear small\" ><div class=\"dash\"><h4><span class=\"headline\"><a href=\"https:\/\/www.coomulsap.com\/portal\/2021\/05\/19\/risotto-de-pollo-con-champinones\/\" target=\"_self\">Receta: Risotto de pollo con champi\u00f1ones<\/a><\/span><\/h4><\/div><\/header>\n\t\t\t\t<p class=\"btLatestPostContent\"><p>Muchas veces nos quedamos sin ideas para preparar nuestros platos fuertes, almuerzos o cenas, y cocinamos siempre lo mismo. Con los mismos ingredientes podemos preparar miles de recetas que le encantar\u00e1n a ti y a tu familia.<\/p>\n<p>En Italia, el risotto es una de las formas de comer arroz m\u00e1s com\u00fan.&hellip;<\/p><\/p>\n\t\t\t\t\t<\/div>\n\t\t\t\t<\/div>\n\t\t\t\t<div class=\"btSingleLatestPost col-sm-4 col-ms-12  inherit\"><div class=\"btSingleLatestPostImage btTextCenter\"><div class=\"bpgPhoto \" > \r\n\t\t\t\t\t<a href=\"https:\/\/www.coomulsap.com\/portal\/2021\/04\/06\/5-habitos-alimenticios\/\" target=\"_self\" title=\"\"><\/a>\r\n\t\t\t\t\t<div class=\"boldPhotoBox\"><div class=\"bpbItem\"><div class = \"btImage\"><img src=\"https:\/\/www.coomulsap.com\/portal\/wp-content\/uploads\/2021\/04\/5-habitos-alimenticios-para-llevar-una-vida-mas-saludable.jpg\" alt=\"\" title=\"\"><\/div><\/div><\/div>\r\n\t\t\t\t\t<div class=\"captionPane btDarkSkin btTextCenter\">\r\n\t\t\t\t\t\t<div class=\"captionTable\">\r\n\t\t\t\t\t\t\t<div class=\"captionCell\">\r\n\t\t\t\t\t\t\t\t<div class=\"captionTxt\"><\/div>\r\n\t\t\t\t\t\t\t<\/div>\r\n\t\t\t\t\t\t<\/div>\r\n\t\t\t\t\t<\/div><\/div><\/div><div class = \"btSingleLatestPostContent\">\n\t\t\t\t\t\t<header class=\"header btClear small\" ><div class=\"dash\"><h4><span class=\"headline\"><a href=\"https:\/\/www.coomulsap.com\/portal\/2021\/04\/06\/5-habitos-alimenticios\/\" target=\"_self\">5 h\u00e1bitos alimenticios para llevar una vida m\u00e1s saludable<\/a><\/span><\/h4><\/div><\/header>\n\t\t\t\t<p class=\"btLatestPostContent\"><p>Cada inicio de a\u00f1o, uno de los prop\u00f3sitos m\u00e1s comunes es alimentarse bien y hacer ejercicio. Los primeros meses del a\u00f1o, empezamos motivados pero con el pasar del tiempo, esta meta se convierte en un peso u obligaci\u00f3n lo que hace m\u00e1s dif\u00edcil cumplirnos a nosotros mismos.&hellip;<\/p><\/p>\n\t\t\t\t\t<\/div>\n\t\t\t\t<\/div><\/div><\/div><\/div><\/div><\/div><\/div><\/div><\/div><\/section><section id=\"bt_section6a00746910213\"  class=\"boldSection gutter\" ><div class=\"port\"><div class=\"boldCell\"><div class=\"boldCellInner\"><div class=\"boldRow \" ><div class=\"boldRowInner\"><div class=\"rowItem col-md-12 col-ms-12  btTextLeft\"  data-width=\"12\"><div class=\"rowItemContent\" ><div class=\"btClear btSeparator topSpaced noBorder\" ><hr><\/div><\/div><\/div><\/div><\/div><\/div><\/div><\/div><\/section><\/p>\n","protected":false},"excerpt":{"rendered":"<p>Cada inicio de a\u00f1o, uno de los prop\u00f3sitos m\u00e1s comunes es alimentarse bien y hacer ejercicio. Los primeros meses del a\u00f1o, empezamos motivados pero con el pasar del tiempo, esta meta se convierte en un peso u obligaci\u00f3n lo que hace m\u00e1s dif\u00edcil cumplirnos a nosotros mismos.&hellip;<\/p>","protected":false},"author":1,"featured_media":0,"parent":0,"menu_order":0,"comment_status":"closed","ping_status":"closed","template":"","meta":[],"_links":{"self":[{"href":"https:\/\/www.coomulsap.com\/portal\/wp-json\/wp\/v2\/pages\/6034"}],"collection":[{"href":"https:\/\/www.coomulsap.com\/portal\/wp-json\/wp\/v2\/pages"}],"about":[{"href":"https:\/\/www.coomulsap.com\/portal\/wp-json\/wp\/v2\/types\/page"}],"author":[{"embeddable":true,"href":"https:\/\/www.coomulsap.com\/portal\/wp-json\/wp\/v2\/users\/1"}],"replies":[{"embeddable":true,"href":"https:\/\/www.coomulsap.com\/portal\/wp-json\/wp\/v2\/comments?post=6034"}],"version-history":[{"count":13,"href":"https:\/\/www.coomulsap.com\/portal\/wp-json\/wp\/v2\/pages\/6034\/revisions"}],"predecessor-version":[{"id":7394,"href":"https:\/\/www.coomulsap.com\/portal\/wp-json\/wp\/v2\/pages\/6034\/revisions\/7394"}],"wp:attachment":[{"href":"https:\/\/www.coomulsap.com\/portal\/wp-json\/wp\/v2\/media?parent=6034"}],"curies":[{"name":"wp","href":"https:\/\/api.w.org\/{rel}","templated":true}]}}