{"id":6193,"date":"2020-02-01T10:17:24","date_gmt":"2020-02-01T15:17:24","guid":{"rendered":"http:\/\/www.coomulsap.com\/portal\/?page_id=6193"},"modified":"2020-02-11T09:04:54","modified_gmt":"2020-02-11T14:04:54","slug":"colegio-cooperativo-san-antonio-de-prado-propositos-institucionales","status":"publish","type":"page","link":"https:\/\/www.coomulsap.com\/portal\/colegio-cooperativo-san-antonio-de-prado-propositos-institucionales\/","title":{"rendered":"Colegio Cooperativo San Antonio de Prado &#8211; Prop\u00f3sitos institucionales"},"content":{"rendered":"<p><section id=\"bt_section69f358fd7b8ba\"  class=\"boldSection topLargeSpaced bottomExtraSmallSpaced gutter inherit wBackground cover btBackgroundOverlay btSolidDarkBackground\" style=\"background-image:url('https:\/\/www.coomulsap.com\/portal\/wp-content\/uploads\/2020\/02\/cc_propocitos_banner.png');\"><div class=\"port\"><div class=\"boldCell\"><div class=\"boldCellInner\"><div class=\"boldRow \" ><div class=\"boldRowInner\"><div class=\"rowItem col-md-12 col-ms-12  btTextRight inherit btDarkSkin\"  data-width=\"12\"><div class=\"rowItemContent\" ><div class=\"btClear btSeparator topSemiSpaced bottomSpaced noBorder\" ><hr><\/div><header class=\"header btClear extralarge\" ><div class=\"btSuperTitle\"><span>Colegio Cooperativo San Antonio de Prado<\/span><\/div><div class=\"dash\"><h1><span class=\"headline\">Prop\u00f3sitos institucionales<\/span><\/h1><\/div><\/header><\/div><\/div><\/div><\/div><\/div><\/div><\/div><\/section><section id=\"bt_section69f358fd7baaf\"  class=\"boldSection gutter inherit\" ><div class=\"port\"><div class=\"boldCell\"><div class=\"boldCellInner\"><div class=\"boldRow \" ><div class=\"boldRowInner\"><div class=\"rowItem col-md-12 col-ms-12  btTextLeft\"  data-width=\"12\"><div class=\"rowItemContent\" ><div class=\"btClear btSeparator topSpaced noBorder\" ><hr><\/div><\/div><\/div><\/div><\/div><div class=\"boldRow \" ><div class=\"boldRowInner\"><div class=\"rowItem col-md-3 col-sm-6 col-ms-12 btTextCenter animate animate-fadein animate-movedown btMiddleVertical btDarkSkin wBackground cover\" style=\"background-image: url(https:\/\/www.coomulsap.com\/portal\/wp-content\/uploads\/2020\/01\/cc4.png);\" data-width=\"3\"><div class=\"rowItemContent\" ><div class=\"btClear btSeparator topLargeSpaced bottomLargeSpaced noBorder\" ><hr><\/div><\/div><\/div><div class=\"rowItem col-md-3 col-sm-6 col-ms-12 btTextCenter animate animate-fadein animate-movedown btMiddleVertical btDarkSkin\" style=\"background-color: rgba(17, 170, 127, 1); \" data-width=\"3\"><div class=\"rowItemContent\" ><div class=\"btClear btSeparator topSmallSpaced noBorder\" ><hr><\/div><div class=\"btText\" ><\/p>\n<p>Brindar a la comunidad formaci\u00f3n integral, caracterizada por el esp\u00edritu de liderazgo en la gesti\u00f3n de los procesos educativos, a los miembros de la comunidad en mutua cooperaci\u00f3n, para los dem\u00e1s y con los dem\u00e1s a trav\u00e9s del di\u00e1logo y la participaci\u00f3n democr\u00e1tica.<\/p>\n<p>\n<\/div><div class=\"btClear btSeparator bottomSemiSpaced noBorder\" ><hr><\/div><\/div><\/div><div class=\"rowItem col-md-3 col-sm-6 col-ms-12 btTextCenter animate animate-fadein animate-movedown btMiddleVertical btDarkSkin wBackground cover\" style=\"background-image: url(https:\/\/www.coomulsap.com\/portal\/wp-content\/uploads\/2020\/01\/cc3.png);\" data-width=\"3\"><div class=\"rowItemContent\" ><div class=\"btClear btSeparator topLargeSpaced bottomLargeSpaced noBorder\" ><hr><\/div><\/div><\/div><div class=\"rowItem col-md-3 col-sm-6 col-ms-12 btTextCenter animate animate-fadein animate-movedown btMiddleVertical btDarkSkin\" style=\"background-color: rgba(42, 106, 142, 1); \" data-width=\"3\"><div class=\"rowItemContent\" ><div class=\"btClear btSeparator topSmallSpaced noBorder\" ><hr><\/div><div class=\"btText\" ><\/p>\n<p>Hacer de la instituci\u00f3n un lugar de equidad, donde la diferencia con el otro enriquezca la vida comunitaria y contribuya a la transformaci\u00f3n de un mundo m\u00e1s humano.<\/p>\n<p>\n<\/div><div class=\"btClear btSeparator bottomSemiSpaced noBorder\" ><hr><\/div><\/div><\/div><\/div><\/div><div class=\"boldRow \" ><div class=\"boldRowInner\"><div class=\"rowItem col-md-3 col-sm-6 col-ms-12 btTextCenter animate animate-fadein animate-movedown btMiddleVertical btDarkSkin\" style=\"background-color: rgba(14, 132, 124, 1); \" data-width=\"3\"><div class=\"rowItemContent\" ><div class=\"btClear btSeparator topSmallSpaced noBorder\" ><hr><\/div><div class=\"btText\" ><\/p>\n<p>Desarrollar competencias acad\u00e9micas que respondan a la calidad de vida del entorno.<\/p>\n<p>\n<\/div><div class=\"btClear btSeparator bottomSemiSpaced noBorder\" ><hr><\/div><\/div><\/div><div class=\"rowItem col-md-3 col-sm-6 col-ms-12 btTextCenter animate animate-fadein animate-movedown btMiddleVertical btDarkSkin wBackground cover\" style=\"background-image: url(https:\/\/www.coomulsap.com\/portal\/wp-content\/uploads\/2020\/02\/Cooperativo_-3.png);\" data-width=\"3\"><div class=\"rowItemContent\" ><div class=\"btClear btSeparator topLargeSpaced bottomLargeSpaced noBorder\" ><hr><\/div><\/div><\/div><div class=\"rowItem col-md-3 col-sm-6 col-ms-12 btTextCenter animate animate-fadein animate-movedown btMiddleVertical btDarkSkin\" style=\"background-color: rgba(153, 49, 33, 1); \" data-width=\"3\"><div class=\"rowItemContent\" ><div class=\"btClear btSeparator topSmallSpaced noBorder\" ><hr><\/div><div class=\"btText\" ><\/p>\n<p>Contribuir a la inclusi\u00f3n escolar a trav\u00e9s de la prestaci\u00f3n del servicio educativo en poblaci\u00f3n vulnerable y extra-edad.<\/p>\n<p>\n<\/div><div class=\"btClear btSeparator bottomSemiSpaced noBorder\" ><hr><\/div><\/div><\/div><div class=\"rowItem col-md-3 col-sm-6 col-ms-12 btTextCenter animate animate-fadein animate-movedown btMiddleVertical btDarkSkin wBackground cover\" style=\"background-image: url(https:\/\/www.coomulsap.com\/portal\/wp-content\/uploads\/2020\/02\/Cooperativo_-8.png);\" data-width=\"3\"><div class=\"rowItemContent\" ><div class=\"btClear btSeparator topLargeSpaced bottomLargeSpaced noBorder\" ><hr><\/div><\/div><\/div><\/div><\/div><div class=\"boldRow \" ><div class=\"boldRowInner\"><div class=\"rowItem col-md-3 col-sm-6 col-ms-12 btTextCenter animate animate-fadein animate-movedown btMiddleVertical btDarkSkin wBackground cover\" style=\"background-image: url(https:\/\/www.coomulsap.com\/portal\/wp-content\/uploads\/2020\/01\/cc1.png);\" data-width=\"3\"><div class=\"rowItemContent\" ><div class=\"btClear btSeparator topLargeSpaced bottomLargeSpaced noBorder\" ><hr><\/div><\/div><\/div><div class=\"rowItem col-md-3 col-sm-6 col-ms-12 btTextCenter animate animate-fadein animate-movedown btMiddleVertical btDarkSkin\" style=\"background-color: rgba(94, 8, 31, 1); \" data-width=\"3\"><div class=\"rowItemContent\" ><div class=\"btClear btSeparator topSmallSpaced noBorder\" ><hr><\/div><div class=\"btText\" ><\/p>\n<p>Realizar procesos acertados que vayan en pro de la inclusi\u00f3n, orientada a reconocer la diversidad.<\/p>\n<p>\n<\/div><div class=\"btClear btSeparator bottomSemiSpaced noBorder\" ><hr><\/div><\/div><\/div><div class=\"rowItem col-md-3 col-sm-6 col-ms-12 btTextCenter animate animate-fadein animate-movedown btMiddleVertical wBackground cover\" style=\"background-image: url(https:\/\/www.coomulsap.com\/portal\/wp-content\/uploads\/2020\/01\/cc2.png);\" data-width=\"3\"><div class=\"rowItemContent\" ><div class=\"btClear btSeparator topLargeSpaced bottomLargeSpaced noBorder\" ><hr><\/div><\/div><\/div><div class=\"rowItem col-md-3 col-sm-6 col-ms-12 btTextCenter animate animate-fadein animate-movedown btMiddleVertical btDarkSkin\" style=\"background-color: rgba(142, 142, 14, 1); \" data-width=\"3\"><div class=\"rowItemContent\" ><div class=\"btClear btSeparator topSmallSpaced noBorder\" ><hr><\/div><div class=\"btText\" ><\/p>\n<p>Analizar las fortalezas y oportunidades de mejoramiento, establecer prioridades y tomar decisiones para cualificar las condiciones de aprendizaje, participaci\u00f3n y convivencia de su comunidad.<\/p>\n<p>\n<\/div><div class=\"btClear btSeparator bottomSemiSpaced noBorder\" ><hr><\/div><\/div><\/div><\/div><\/div><div class=\"boldRow \" ><div class=\"boldRowInner\"><div class=\"rowItem col-md-12 col-ms-12  btTextLeft\"  data-width=\"12\"><div class=\"rowItemContent\" ><div class=\"btClear btSeparator topSpaced noBorder\" ><hr><\/div><\/div><\/div><\/div><\/div><\/div><\/div><\/div><\/section><\/p>\n","protected":false},"excerpt":{"rendered":"","protected":false},"author":1,"featured_media":0,"parent":0,"menu_order":0,"comment_status":"closed","ping_status":"closed","template":"","meta":[],"_links":{"self":[{"href":"https:\/\/www.coomulsap.com\/portal\/wp-json\/wp\/v2\/pages\/6193"}],"collection":[{"href":"https:\/\/www.coomulsap.com\/portal\/wp-json\/wp\/v2\/pages"}],"about":[{"href":"https:\/\/www.coomulsap.com\/portal\/wp-json\/wp\/v2\/types\/page"}],"author":[{"embeddable":true,"href":"https:\/\/www.coomulsap.com\/portal\/wp-json\/wp\/v2\/users\/1"}],"replies":[{"embeddable":true,"href":"https:\/\/www.coomulsap.com\/portal\/wp-json\/wp\/v2\/comments?post=6193"}],"version-history":[{"count":5,"href":"https:\/\/www.coomulsap.com\/portal\/wp-json\/wp\/v2\/pages\/6193\/revisions"}],"predecessor-version":[{"id":6737,"href":"https:\/\/www.coomulsap.com\/portal\/wp-json\/wp\/v2\/pages\/6193\/revisions\/6737"}],"wp:attachment":[{"href":"https:\/\/www.coomulsap.com\/portal\/wp-json\/wp\/v2\/media?parent=6193"}],"curies":[{"name":"wp","href":"https:\/\/api.w.org\/{rel}","templated":true}]}}