{"id":6211,"date":"2020-02-01T19:06:48","date_gmt":"2020-02-02T00:06:48","guid":{"rendered":"http:\/\/www.coomulsap.com\/portal\/?page_id=6211"},"modified":"2020-02-05T19:51:03","modified_gmt":"2020-02-06T00:51:03","slug":"colegio-empresarial-nuestra-historia","status":"publish","type":"page","link":"https:\/\/www.coomulsap.com\/portal\/colegio-empresarial-nuestra-historia\/","title":{"rendered":"Colegio Empresarial &#8211; Nuestra Historia"},"content":{"rendered":"<p><section id=\"bt_section69d63673021f8\"  class=\"boldSection topLargeSpaced bottomExtraSmallSpaced gutter inherit wBackground cover btBackgroundOverlay btSolidDarkBackground\" style=\"background-image:url('https:\/\/www.coomulsap.com\/portal\/wp-content\/uploads\/2020\/02\/ce_historia_banner.png');\"><div class=\"port\"><div class=\"boldCell\"><div class=\"boldCellInner\"><div class=\"boldRow \" ><div class=\"boldRowInner\"><div class=\"rowItem col-md-12 col-ms-12  btTextRight inherit btDarkSkin\"  data-width=\"12\"><div class=\"rowItemContent\" ><div class=\"btClear btSeparator topSemiSpaced bottomSpaced noBorder\" ><hr><\/div><header class=\"header btClear extralarge\" ><div class=\"btSuperTitle\"><span>Colegio Empresarial<\/span><\/div><div class=\"dash\"><h1><span class=\"headline\">Nuestra Historia<\/span><\/h1><\/div><\/header><\/div><\/div><\/div><\/div><\/div><\/div><\/div><\/section><section id=\"bt_section69d63673023b0\"  class=\"boldSection gutter\" ><div class=\"port\"><div class=\"boldCell\"><div class=\"boldCellInner\"><div class=\"boldRow \" ><div class=\"boldRowInner\"><div class=\"rowItem col-md-6 col-sm-12 btTextLeft\"  data-width=\"6\"><div class=\"rowItemContent\" ><div class=\"btClear btSeparator topSemiSpaced bottomSpaced noBorder\" ><hr><\/div><div class=\"btText\" ><\/p>\n<p>En el a\u00f1o 2006 el Colegio Empresarial, inicia sus labores en el corregimiento de San Antonio\u00a0 de Prado, haciendo parte del Colegio Cooperativo, ambas\u00a0 instituciones propiedad de la Cooperativa Multiactiva San Antonio de Prado \u201c<strong>COOMULSAP\u201d<\/strong>. Para el a\u00f1o 2007 se inician labores con 1480 estudiantes desde grado preescolar\u00a0 hasta grado und\u00e9cimo. El 80% ingresan por primera vez y en su gran mayor\u00eda apenas ven\u00edan a residir al corregimiento, dado el proceso acelerado de urbanismo que redunda en la gran demanda de oferta educativa.<\/p>\n<p>Asumimos el\u00a0 reto y vali\u00e9ndonos de la experiencia que hab\u00eda representado para COOMULSAP, el nacimiento\u00a0 y crecimiento positivo del Colegio Cooperativo, nos dimos a la tarea de identificar, diagnosticar necesidades, intereses, fortalezas, debilidades y\u00a0 caracter\u00edsticas\u00a0 poblacionales que orientaran la intervenci\u00f3n en los diferentes procesos pedag\u00f3gicos de manera eficaz. Por\u00a0 obvias razones, este a\u00f1o podr\u00edamos llamarlo el a\u00f1o en que todas las ejecuciones iban encaminadas al diagn\u00f3stico, empoderamiento y apropiaci\u00f3n de la misi\u00f3n y visi\u00f3n de la nueva instituci\u00f3n por parte de la gran mayor\u00eda de la comunidad educativa.<\/p>\n<p>El a\u00f1o 2008 podr\u00edamos llamarlo el a\u00f1o de la\u00a0 implementaci\u00f3n y planeamiento donde la comunidad educativa empieza a participar decididamente en la construcci\u00f3n de la instituci\u00f3n que hemos\u00a0 visualizado.<\/p>\n<p>A pesar de la corta trayectoria que tiene el Colegio Empresarial en t\u00e9rminos del tiempo, es de resaltar el notable posicionamiento de la instituci\u00f3n en sus diferentes procesos.<\/p>\n<p>Convencidos de que los hechos y los resultados obtenidos en estos 13 a\u00f1os de existencia y trabajo institucional han generado gran reconocimiento desde los estudiantes, padres de familia, comunidad en general y la secretar\u00eda de Educaci\u00f3n de Medell\u00edn, consideramos necesario presentar algunos de nuestros principales logros:<\/p>\n<p><strong><u>En el aspecto acad\u00e9mico<\/u><\/strong>: Nos ajustamos a una propuesta educativa que incluye un sistema de evaluaci\u00f3n donde el estudiante se considera como un individuo integral desde el saber; valorando su parte cognitiva, desde el ser; estimulando y valorando su parte actitudinal y desde el hacer; aplicando sus conocimientos en la soluci\u00f3n de diversas situaciones problema.\u00a0 Esta propuesta se ha consolidado mediante la participaci\u00f3n activa de la comunidad educativa mostrando un mejoramiento continuo en los resultados externos obtenidos como: Olimpiadas del Conocimiento del Municipio de Medell\u00edn, pruebas Saber\u00a0 3\u00b0,5\u00b0, 9\u00b0 Y 11\u00b0, posicion\u00e1ndonos como la mejor instituci\u00f3n del corregimiento de San Antonio de Prado, la mejor instituci\u00f3n entre oficiales y de cobertura en el municipio de Medell\u00edn.<\/p>\n<p><strong><u>En lo institucional<\/u><\/strong>: La participaci\u00f3n de la comunidad educativa es determinante para visualizar las fortalezas y las debilidades institucionales a trav\u00e9s de la Autoevaluaci\u00f3n Institucional, permitiendo un mejoramiento continuo. \u00a0El liderazgo institucional, el trabajo pedag\u00f3gico y el compromiso con nuestra\u00a0 comunidad educativa han permitido unos excelentes resultados, los cuales en el transcurso de estos 13 a\u00f1os de vida han merecido el reconocimiento por parte del\u00a0 Municipio de Medell\u00edn.<\/p>\n<p>PREMIO A LA CALIDAD EDUCATIVA 2013<\/p>\n<p>PREMIO A LA EXCELNCIA EDUCATIVA 2014<\/p>\n<p>RECONOCIMIENTO ESCUELA GESTI\u00d3N EJEMPLAR 2019<\/p>\n<p><strong><u>En la convivencia<\/u><\/strong>: Si bien dentro del proceso de ense\u00f1anza-aprendizaje es necesario introyectar en la comunidad educativa la disciplina como valor fundamental para el alcance de los objetivos institucionales y el proyecto de vida personal de la misma comunidad, la instituci\u00f3n fundamenta su proceso convivencial y la formaci\u00f3n en valores a trav\u00e9s de dos pilares fundamentales, estos son: \u201cLa Psicolog\u00eda del Amor\u201d y \u201cLa Cultura de la Responsabilidad\u201d.<\/p>\n<p>Entendida \u201cLa Psicolog\u00eda del Amor\u201d como: Amor por lo que hacemos, amor por nuestra instituci\u00f3n y amor por nuestro entorno. Y entendida \u201cLa Cultura de la Responsabilidad\u201d como: Cada quien debe hacer bien lo que le corresponde y responder por lo que hace y dice<\/p>\n<p>\n<\/div><div class=\"btClear btSeparator topSemiSpaced bottomSpaced noBorder\" ><hr><\/div><\/div><\/div><div class=\"rowItem col-md-6 col-sm-12 btTextLeft\"  data-width=\"6\"><div class=\"rowItemContent\" ><div class=\"btClear btSeparator topSemiSpaced bottomSpaced noBorder\" ><hr><\/div><div class=\"bpgPhoto \" ><div class = \"btImage\"><img src=\"https:\/\/www.coomulsap.com\/portal\/wp-content\/uploads\/2020\/02\/6-1.png\" alt=\"\" title=\"\"><\/div><\/div><div class=\"btClear btSeparator bottomSpaced noBorder\" ><hr><\/div><div class=\"bpgPhoto \" ><div class = \"btImage\"><img src=\"https:\/\/www.coomulsap.com\/portal\/wp-content\/uploads\/2020\/02\/13-9-.png\" alt=\"\" title=\"\"><\/div><\/div><div class=\"btClear btSeparator bottomSpaced noBorder\" ><hr><\/div><div class=\"bpgPhoto \" ><div class = \"btImage\"><img src=\"https:\/\/www.coomulsap.com\/portal\/wp-content\/uploads\/2020\/02\/empresarial21.png\" alt=\"\" title=\"\"><\/div><\/div><div class=\"btClear btSeparator bottomSpaced noBorder\" ><hr><\/div><div class=\"bpgPhoto \" ><div class = \"btImage\"><img src=\"https:\/\/www.coomulsap.com\/portal\/wp-content\/uploads\/2020\/02\/empresarial3.png\" alt=\"\" title=\"\"><\/div><\/div><div class=\"btClear btSeparator bottomSpaced noBorder\" ><hr><\/div><div class=\"bpgPhoto \" ><div class = \"btImage\"><img src=\"https:\/\/www.coomulsap.com\/portal\/wp-content\/uploads\/2020\/02\/P1310261.png\" alt=\"\" title=\"\"><\/div><\/div><div class=\"btClear btSeparator bottomSpaced noBorder\" ><hr><\/div><\/div><\/div><\/div><\/div><\/div><\/div><\/div><\/section><\/p>\n","protected":false},"excerpt":{"rendered":"","protected":false},"author":1,"featured_media":0,"parent":0,"menu_order":0,"comment_status":"closed","ping_status":"closed","template":"","meta":[],"_links":{"self":[{"href":"https:\/\/www.coomulsap.com\/portal\/wp-json\/wp\/v2\/pages\/6211"}],"collection":[{"href":"https:\/\/www.coomulsap.com\/portal\/wp-json\/wp\/v2\/pages"}],"about":[{"href":"https:\/\/www.coomulsap.com\/portal\/wp-json\/wp\/v2\/types\/page"}],"author":[{"embeddable":true,"href":"https:\/\/www.coomulsap.com\/portal\/wp-json\/wp\/v2\/users\/1"}],"replies":[{"embeddable":true,"href":"https:\/\/www.coomulsap.com\/portal\/wp-json\/wp\/v2\/comments?post=6211"}],"version-history":[{"count":5,"href":"https:\/\/www.coomulsap.com\/portal\/wp-json\/wp\/v2\/pages\/6211\/revisions"}],"predecessor-version":[{"id":6542,"href":"https:\/\/www.coomulsap.com\/portal\/wp-json\/wp\/v2\/pages\/6211\/revisions\/6542"}],"wp:attachment":[{"href":"https:\/\/www.coomulsap.com\/portal\/wp-json\/wp\/v2\/media?parent=6211"}],"curies":[{"name":"wp","href":"https:\/\/api.w.org\/{rel}","templated":true}]}}