{"id":6227,"date":"2020-02-02T10:37:16","date_gmt":"2020-02-02T15:37:16","guid":{"rendered":"http:\/\/www.coomulsap.com\/portal\/?page_id=6227"},"modified":"2020-02-02T11:42:02","modified_gmt":"2020-02-02T16:42:02","slug":"colegio-empresarial-mision-y-vision","status":"publish","type":"page","link":"https:\/\/www.coomulsap.com\/portal\/colegio-empresarial-mision-y-vision\/","title":{"rendered":"Colegio Empresarial &#8211; Misi\u00f3n y Visi\u00f3n"},"content":{"rendered":"<p><section id=\"bt_section69dfa394b30ef\"  class=\"boldSection topLargeSpaced bottomExtraSmallSpaced gutter inherit wBackground cover btBackgroundOverlay btSolidDarkBackground\" style=\"background-image:url('https:\/\/www.coomulsap.com\/portal\/wp-content\/uploads\/2020\/02\/ce_mv_banner.png');\"><div class=\"port\"><div class=\"boldCell\"><div class=\"boldCellInner\"><div class=\"boldRow \" ><div class=\"boldRowInner\"><div class=\"rowItem col-md-12 col-ms-12  btTextRight inherit btDarkSkin\"  data-width=\"12\"><div class=\"rowItemContent\" ><div class=\"btClear btSeparator topSemiSpaced bottomSpaced noBorder\" ><hr><\/div><header class=\"header btClear extralarge\" ><div class=\"btSuperTitle\"><span>Colegio Empresarial<\/span><\/div><div class=\"dash\"><h1><span class=\"headline\">Misi\u00f3n y Visi\u00f3n<\/span><\/h1><\/div><\/header><\/div><\/div><\/div><\/div><\/div><\/div><\/div><\/section><section id=\"bt_section69dfa394b32ff\"  class=\"boldSection gutter\" ><div class=\"port\"><div class=\"boldCell\"><div class=\"boldCellInner\"><\/div><\/div><\/div><\/section><section id=\"bt_section69dfa394b333c\"  class=\"boldSection gutter inherit\" ><div class=\"port\"><div class=\"boldCell\"><div class=\"boldCellInner\"><div class=\"boldRow \" ><div class=\"boldRowInner\"><div class=\"rowItem col-md-12 col-ms-12  btTextLeft\"  data-width=\"12\"><div class=\"rowItemContent\" ><div class=\"btClear btSeparator topSmallSpaced bottomSemiSpaced noBorder\" ><hr><\/div><\/div><\/div><\/div><\/div><div class=\"boldRow \" ><div class=\"boldRowInner\"><div class=\"rowItem col-md-6 col-sm-12 btTextLeft animate animate-fadein animate-moveright btTopVertical btDarkSkin\" style=\"background-color: rgba(247, 164, 0, 1); \" data-width=\"6\"><div class=\"rowItemContent\" ><div class=\"btClear btSeparator topSpaced noBorder\" ><hr><\/div><div class=\"btText\" ><\/p>\n<h2 class=\"element wsite-content-title editable-text\">Misi\u00f3n<\/h2>\n<p>Formamos y educamos seres integrales desde preescolar hasta la media t\u00e9cnica y adultos, con valores, capacidad de liderazgo, disciplina, responsabilidad, con esp\u00edritu cr\u00edtico y reflexivo, que demuestren amor por s\u00ed mismos, por lo que hacen y por su entorno, para emprender proyectos de transformaci\u00f3n humana y social; apoyados en los principios institucionales y en la pedagog\u00eda de la acci\u00f3n solidaria.<\/p>\n<p>\n<\/div><div class=\"btClear btSeparator topSpaced noBorder\" ><hr><\/div><\/div><\/div><div class=\"rowItem col-md-6 col-sm-12 btTextLeft animate animate-fadein animate-moveleft btTopVertical wBackground cover\" style=\"background-image: url(https:\/\/www.coomulsap.com\/portal\/wp-content\/uploads\/2020\/02\/ce2.png);\" data-width=\"6\"><div class=\"rowItemContent\" ><div class=\"btText\" ><\/p>\n<p>\n<\/div><\/div><\/div><\/div><\/div><div class=\"boldRow \" ><div class=\"boldRowInner\"><div class=\"rowItem col-md-6 col-sm-12 btTextLeft animate animate-fadein animate-moveright btTopVertical wBackground cover\" style=\"background-image: url(https:\/\/www.coomulsap.com\/portal\/wp-content\/uploads\/2020\/02\/ce1.png);\" data-width=\"6\"><div class=\"rowItemContent\" ><div class=\"btText\" ><\/p>\n<p>\n<\/div><\/div><\/div><div class=\"rowItem col-md-6 col-sm-12 btTextLeft animate animate-fadein animate-moveleft btTopVertical btDarkSkin\" style=\"background-color: rgba(53, 80, 255, 1); \" data-width=\"6\"><div class=\"rowItemContent\" ><div class=\"btClear btSeparator topSpaced noBorder\" ><hr><\/div><div class=\"btText\" ><\/p>\n<h2 class=\"element wsite-content-title editable-text\">Visi\u00f3n<\/h2>\n<p>Para el a\u00f1o 2020, el Colegio Empresarial ser\u00e1 reconocido a nivel local y nacional como una instituci\u00f3n l\u00edder en la implementaci\u00f3n de experiencias pedag\u00f3gicas significativas y en procesos acad\u00e9micos, humanistas y productivos, con estudiantes y egresados capaces de generar los cambios que la sociedad requiere y que transformen la calidad de vida de sus familias.<\/p>\n<p>\n<\/div><div class=\"btClear btSeparator topSpaced noBorder\" ><hr><\/div><\/div><\/div><\/div><\/div><div class=\"boldRow \" ><div class=\"boldRowInner\"><div class=\"rowItem col-md-12 col-ms-12  btTextLeft\"  data-width=\"12\"><div class=\"rowItemContent\" ><div class=\"btClear btSeparator topSmallSpaced bottomSemiSpaced noBorder\" ><hr><\/div><\/div><\/div><\/div><\/div><\/div><\/div><\/div><\/section><\/p>\n","protected":false},"excerpt":{"rendered":"","protected":false},"author":1,"featured_media":0,"parent":0,"menu_order":0,"comment_status":"closed","ping_status":"closed","template":"","meta":[],"_links":{"self":[{"href":"https:\/\/www.coomulsap.com\/portal\/wp-json\/wp\/v2\/pages\/6227"}],"collection":[{"href":"https:\/\/www.coomulsap.com\/portal\/wp-json\/wp\/v2\/pages"}],"about":[{"href":"https:\/\/www.coomulsap.com\/portal\/wp-json\/wp\/v2\/types\/page"}],"author":[{"embeddable":true,"href":"https:\/\/www.coomulsap.com\/portal\/wp-json\/wp\/v2\/users\/1"}],"replies":[{"embeddable":true,"href":"https:\/\/www.coomulsap.com\/portal\/wp-json\/wp\/v2\/comments?post=6227"}],"version-history":[{"count":3,"href":"https:\/\/www.coomulsap.com\/portal\/wp-json\/wp\/v2\/pages\/6227\/revisions"}],"predecessor-version":[{"id":6234,"href":"https:\/\/www.coomulsap.com\/portal\/wp-json\/wp\/v2\/pages\/6227\/revisions\/6234"}],"wp:attachment":[{"href":"https:\/\/www.coomulsap.com\/portal\/wp-json\/wp\/v2\/media?parent=6227"}],"curies":[{"name":"wp","href":"https:\/\/api.w.org\/{rel}","templated":true}]}}