{"id":6377,"date":"2020-02-04T21:26:44","date_gmt":"2020-02-05T02:26:44","guid":{"rendered":"http:\/\/www.coomulsap.com\/portal\/?page_id=6377"},"modified":"2020-02-05T14:09:36","modified_gmt":"2020-02-05T19:09:36","slug":"pqr","status":"publish","type":"page","link":"https:\/\/www.coomulsap.com\/portal\/pqr\/","title":{"rendered":"PQR"},"content":{"rendered":"<p><section id=\"bt_section6a01cafd4359a\"  class=\"boldSection topLargeSpaced bottomExtraSmallSpaced gutter inherit wBackground cover btBackgroundOverlay btSolidDarkBackground\" style=\"background-image:url('https:\/\/www.coomulsap.com\/portal\/wp-content\/uploads\/2020\/01\/WhatsApp-Image-2019-06-29-at-1.05.11-PM.png');\"><div class=\"port\"><div class=\"boldCell\"><div class=\"boldCellInner\"><div class=\"boldRow \" ><div class=\"boldRowInner\"><div class=\"rowItem col-md-12 col-ms-12  btTextRight inherit btDarkSkin\"  data-width=\"12\"><div class=\"rowItemContent\" ><div class=\"btClear btSeparator topSemiSpaced bottomSpaced noBorder\" ><hr><\/div><header class=\"header btClear extralarge\" ><div class=\"dash\"><h1><span class=\"headline\">Preguntas Quejas y Reclamos<\/span><\/h1><\/div><\/header><\/div><\/div><\/div><\/div><\/div><\/div><\/div><\/section><section id=\"bt_section6a01cafd43777\"  class=\"boldSection gutter inherit btBackgroundOverlay btSolidDarkBackground\" ><div class=\"port\"><div class=\"boldCell\"><div class=\"boldCellInner\"><div class=\"boldRow \" ><div class=\"boldRowInner\"><div class=\"rowItem col-md-12 col-ms-12  btTextLeft\"  data-width=\"12\"><div class=\"rowItemContent\" ><div class=\"btClear btSeparator topSpaced noBorder\" ><hr><\/div><div class=\"btText\" ><\/div><\/div><\/div><\/div><\/div><div class=\"boldRow \" ><div class=\"boldRowInner\"><div class=\"rowItem col-md-12 col-ms-12  btTextLeft\"  data-width=\"12\"><div class=\"rowItemContent\" ><div class=\"btClear btSeparator topSpaced noBorder\" ><hr><\/div><div class=\"btText\" >\n<div class=\"wpcf7 no-js\" id=\"wpcf7-f6380-o1\" lang=\"es-ES\" dir=\"ltr\">\n<div class=\"screen-reader-response\"><p role=\"status\" aria-live=\"polite\" aria-atomic=\"true\"><\/p> <ul><\/ul><\/div>\n<form action=\"\/portal\/wp-json\/wp\/v2\/pages\/6377#wpcf7-f6380-o1\" method=\"post\" class=\"wpcf7-form init\" aria-label=\"Formulario de contacto\" novalidate=\"novalidate\" data-status=\"init\">\n<div style=\"display: none;\">\n<input type=\"hidden\" name=\"_wpcf7\" value=\"6380\" \/>\n<input type=\"hidden\" name=\"_wpcf7_version\" value=\"5.7.7\" \/>\n<input type=\"hidden\" name=\"_wpcf7_locale\" value=\"es_ES\" \/>\n<input type=\"hidden\" name=\"_wpcf7_unit_tag\" value=\"wpcf7-f6380-o1\" \/>\n<input type=\"hidden\" name=\"_wpcf7_container_post\" value=\"0\" \/>\n<input type=\"hidden\" name=\"_wpcf7_posted_data_hash\" value=\"\" \/>\n<\/div>\n<p><label> <b>Nombre*<\/b><br \/>\n<span class=\"wpcf7-form-control-wrap\" data-name=\"your-name\"><input size=\"40\" class=\"wpcf7-form-control wpcf7-text wpcf7-validates-as-required\" aria-required=\"true\" aria-invalid=\"false\" value=\"\" type=\"text\" name=\"your-name\" \/><\/span> <\/label>\n<\/p>\n<p><label> <b>Correo Electr\u00f3nico*<\/b><br \/>\n<span class=\"wpcf7-form-control-wrap\" data-name=\"your-email\"><input size=\"40\" class=\"wpcf7-form-control wpcf7-text wpcf7-email wpcf7-validates-as-required wpcf7-validates-as-email\" aria-required=\"true\" aria-invalid=\"false\" value=\"\" type=\"email\" name=\"your-email\" \/><\/span> <\/label>\n<\/p>\n<p><label> <b>Mensaje<\/b><br \/>\n<span class=\"wpcf7-form-control-wrap\" data-name=\"your-message\"><textarea cols=\"40\" rows=\"10\" class=\"wpcf7-form-control wpcf7-textarea\" aria-invalid=\"false\" name=\"your-message\"><\/textarea><\/span> <\/label>\n<\/p>\n<p><label> <b>Cla\u00fasula Informativa<\/b><br \/>\n<label>\n\t\t\t<FONT SIZE=2 >En cumplimiento de la Ley Estatutaria 1581 de 2012 de Protecci\u00f3n de Datos, mediante el registro de sus datos en el presente formulario usted autoriza a COOPERATIVA MULTIACTIVA DE SAN ANTONIO DE PRADO para que \u00e9stos sean incorporados en su base de datos con la finalidad de capacitar y realizar prospecci\u00f3n comercial. Asimismo, le informamos que, en la recolecci\u00f3n, almacenamiento y uso, sus datos ser\u00e1n tratados conforme al ordenamiento legal vigente que rige la Protecci\u00f3n de Datos Personales garantizando el ejercicio de los derechos del titular. \n\nUsted puede ejercitar los derechos a conocer, corregir, actualizar, suprimir y\/o revocar la autorizaci\u00f3n, mediante escrito dirigido a la COOPERATIVA MULTIACTIVA DE SAN ANTONIO DE PRADO a la direcci\u00f3n de correo electr\u00f3nico coomulsap@coomulsap.com indicando en el asunto el derecho que desea ejercitar, o mediante correo ordinario remitido a la CALLE 42 SUR 69 A 58, MEDELL\u00cdN, ANTIOQUIA, indicando en el asunto el derecho que desea ejercitar.\nLos invitamos a conocer Nuestra pol\u00edtica interna de seguridad a trav\u00e9s del siguiente link: \n<b><a href=\"https:\/\/drive.coomulsap.com\/index.php\/s\/t6AjjS9mFH5ijt5\">Pol\u00edtica de Tratamiento de Datos<\/a><\/b>\n\t\t\t<\/font><br \/>\n<span class=\"wpcf7-form-control-wrap\" data-name=\"Clausula\"><span class=\"wpcf7-form-control wpcf7-checkbox wpcf7-validates-as-required\"><span class=\"wpcf7-list-item first last\"><label><input type=\"checkbox\" name=\"Clausula[]\" value=\"Acepto la autorizaci\u00f3n para tratamiento de datos personales\" \/><span class=\"wpcf7-list-item-label\">Acepto la autorizaci\u00f3n para tratamiento de datos personales<\/span><\/label><\/span><\/span><\/span><br \/>\n<input class=\"wpcf7-form-control has-spinner wpcf7-submit\" type=\"submit\" value=\"Enviar\" \/><\/label><\/label>\n<\/p><p style=\"display: none !important;\" class=\"akismet-fields-container\" data-prefix=\"_wpcf7_ak_\"><label>&#916;<textarea name=\"_wpcf7_ak_hp_textarea\" cols=\"45\" rows=\"8\" maxlength=\"100\"><\/textarea><\/label><input type=\"hidden\" id=\"ak_js_1\" name=\"_wpcf7_ak_js\" value=\"117\"\/><script>document.getElementById( \"ak_js_1\" ).setAttribute( \"value\", ( new Date() ).getTime() );<\/script><\/p><div class=\"wpcf7-response-output\" aria-hidden=\"true\"><\/div>\n<\/form>\n<\/div>\n<\/div><div class=\"btClear btSeparator topSpaced noBorder\" ><hr><\/div><\/div><\/div><\/div><\/div><\/div><\/div><\/div><\/section><\/p>\n","protected":false},"excerpt":{"rendered":"","protected":false},"author":1,"featured_media":0,"parent":0,"menu_order":0,"comment_status":"closed","ping_status":"closed","template":"","meta":[],"_links":{"self":[{"href":"https:\/\/www.coomulsap.com\/portal\/wp-json\/wp\/v2\/pages\/6377"}],"collection":[{"href":"https:\/\/www.coomulsap.com\/portal\/wp-json\/wp\/v2\/pages"}],"about":[{"href":"https:\/\/www.coomulsap.com\/portal\/wp-json\/wp\/v2\/types\/page"}],"author":[{"embeddable":true,"href":"https:\/\/www.coomulsap.com\/portal\/wp-json\/wp\/v2\/users\/1"}],"replies":[{"embeddable":true,"href":"https:\/\/www.coomulsap.com\/portal\/wp-json\/wp\/v2\/comments?post=6377"}],"version-history":[{"count":8,"href":"https:\/\/www.coomulsap.com\/portal\/wp-json\/wp\/v2\/pages\/6377\/revisions"}],"predecessor-version":[{"id":6462,"href":"https:\/\/www.coomulsap.com\/portal\/wp-json\/wp\/v2\/pages\/6377\/revisions\/6462"}],"wp:attachment":[{"href":"https:\/\/www.coomulsap.com\/portal\/wp-json\/wp\/v2\/media?parent=6377"}],"curies":[{"name":"wp","href":"https:\/\/api.w.org\/{rel}","templated":true}]}}