{"id":6443,"date":"2020-02-05T12:01:30","date_gmt":"2020-02-05T17:01:30","guid":{"rendered":"http:\/\/www.coomulsap.com\/portal\/?page_id=6443"},"modified":"2020-02-05T12:47:46","modified_gmt":"2020-02-05T17:47:46","slug":"epja-principios-institucionales","status":"publish","type":"page","link":"https:\/\/www.coomulsap.com\/portal\/epja-principios-institucionales\/","title":{"rendered":"epja &#8211; Principios Institucionales"},"content":{"rendered":"<p><section id=\"bt_section69f4ab1badca6\"  class=\"boldSection topLargeSpaced bottomExtraSmallSpaced gutter inherit wBackground cover btBackgroundOverlay btSolidDarkBackground\" style=\"background-image:url('https:\/\/www.coomulsap.com\/portal\/wp-content\/uploads\/2020\/02\/EPJA.png');\"><div class=\"port\"><div class=\"boldCell\"><div class=\"boldCellInner\"><div class=\"boldRow \" ><div class=\"boldRowInner\"><div class=\"rowItem col-md-12 col-ms-12  btTextRight inherit btDarkSkin\"  data-width=\"12\"><div class=\"rowItemContent\" ><div class=\"btClear btSeparator topSemiSpaced bottomSpaced noBorder\" ><hr><\/div><header class=\"header btClear extralarge\" ><div class=\"btSuperTitle\"><span>Educaci\u00f3n Para J\u00f3venes y Adultos<\/span><\/div><div class=\"dash\"><h1><span class=\"headline\">Principios Institucionales<\/span><\/h1><\/div><\/header><\/div><\/div><\/div><\/div><\/div><\/div><\/div><\/section><section id=\"bt_section69f4ab1badfd2\"  class=\"boldSection topSpaced bottomSpaced gutter inherit\" style=\"background-color:#e8e8e8;\"><div class=\"port\"><div class=\"boldCell\"><div class=\"boldCellInner\"><div class=\"boldRow \" ><div class=\"boldRowInner\"><div class=\"rowItem col-md-6 col-sm-12 btTextLeft\"  data-width=\"6\"><div class=\"rowItemContent\" ><div class=\"btText\" ><\/p>\n<h3><strong>PROP\u00d3SITOS DEL PROGRAMA<\/strong><\/h3>\n<p>El programa Educaci\u00f3n de J\u00f3venes y Adultos \u2013 EPJA COOMULSAP de acuerdo con la Constituci\u00f3n Nacional, la Ley General de Educaci\u00f3n, sus Decretos Reglamentarios, la Ley de Infancia y adolescencia, su Misi\u00f3n y su Visi\u00f3n, plantea los siguientes prop\u00f3sitos:<\/p>\n<ul>\n<li>Brindar a la comunidad de j\u00f3venes en extra edad y adultos formaci\u00f3n integral, caracterizada por el esp\u00edritu de liderazgo en la gesti\u00f3n de los procesos educativos, en mutua cooperaci\u00f3n con los miembros de la comunidad, para los dem\u00e1s y con los dem\u00e1s a trav\u00e9s del di\u00e1logo y la participaci\u00f3n democr\u00e1tica.<\/li>\n<li>Hacer del programa EPJA COOMULSAP un espacio de equidad, donde la diferencia con el otro enriquezca la vida comunitaria y contribuya a la transformaci\u00f3n de un mundo m\u00e1s humano.<\/li>\n<li>Propiciar competitividad acad\u00e9mica y human\u00edstica que responda a la calidad de vida del entorno.<\/li>\n<\/ul>\n<p>\n<\/div><\/div><\/div><div class=\"rowItem col-md-6 col-sm-12 btTextLeft\"  data-width=\"6\"><div class=\"rowItemContent\" ><div class=\"btText\" ><\/p>\n<h3><strong>OBJETIVO DEL PROGRAMA<\/strong><\/h3>\n<p>Formar integralmente hombres y mujeres (j\u00f3venes en extra edad y adultos), capaces de enfrentar los retos que nos plantea el nuevo milenio, a partir de una educaci\u00f3n basada en valores, buscando transformar su entorno fundamentado en los tres pilares principales de la educaci\u00f3n moderna: aprender a ser, aprender a hacer y aprender a pensar, brindando al estudiante una educaci\u00f3n integral que le permita desarrollar potencialidades, habilidades y destrezas -tener competencias- para que pueda insertarse y ser part\u00edcipe del desarrollo pol\u00edtico, social y econ\u00f3mico del Pa\u00eds.<\/p>\n<p>\n<\/div><\/div><\/div><\/div><\/div><\/div><\/div><\/div><\/section><\/p>\n","protected":false},"excerpt":{"rendered":"","protected":false},"author":1,"featured_media":0,"parent":0,"menu_order":0,"comment_status":"closed","ping_status":"closed","template":"","meta":[],"_links":{"self":[{"href":"https:\/\/www.coomulsap.com\/portal\/wp-json\/wp\/v2\/pages\/6443"}],"collection":[{"href":"https:\/\/www.coomulsap.com\/portal\/wp-json\/wp\/v2\/pages"}],"about":[{"href":"https:\/\/www.coomulsap.com\/portal\/wp-json\/wp\/v2\/types\/page"}],"author":[{"embeddable":true,"href":"https:\/\/www.coomulsap.com\/portal\/wp-json\/wp\/v2\/users\/1"}],"replies":[{"embeddable":true,"href":"https:\/\/www.coomulsap.com\/portal\/wp-json\/wp\/v2\/comments?post=6443"}],"version-history":[{"count":3,"href":"https:\/\/www.coomulsap.com\/portal\/wp-json\/wp\/v2\/pages\/6443\/revisions"}],"predecessor-version":[{"id":6446,"href":"https:\/\/www.coomulsap.com\/portal\/wp-json\/wp\/v2\/pages\/6443\/revisions\/6446"}],"wp:attachment":[{"href":"https:\/\/www.coomulsap.com\/portal\/wp-json\/wp\/v2\/media?parent=6443"}],"curies":[{"name":"wp","href":"https:\/\/api.w.org\/{rel}","templated":true}]}}