{"id":6454,"date":"2020-02-05T13:13:56","date_gmt":"2020-02-05T18:13:56","guid":{"rendered":"http:\/\/www.coomulsap.com\/portal\/?page_id=6454"},"modified":"2022-08-17T16:47:08","modified_gmt":"2022-08-17T21:47:08","slug":"contactenos","status":"publish","type":"page","link":"https:\/\/www.coomulsap.com\/portal\/contactenos\/","title":{"rendered":"Contactenos"},"content":{"rendered":"<p><section id=\"bt_section69ff1d49cdfe6\"  class=\"boldSection topLargeSpaced bottomExtraSmallSpaced gutter inherit wBackground cover btBackgroundOverlay btSolidDarkBackground\" style=\"background-image:url('https:\/\/www.coomulsap.com\/portal\/wp-content\/uploads\/2020\/01\/WhatsApp-Image-2019-06-29-at-1.05.11-PM.png');\"><div class=\"port\"><div class=\"boldCell\"><div class=\"boldCellInner\"><div class=\"boldRow \" ><div class=\"boldRowInner\"><div class=\"rowItem col-md-12 col-ms-12  btTextRight inherit btDarkSkin\"  data-width=\"12\"><div class=\"rowItemContent\" ><div class=\"btClear btSeparator topSemiSpaced bottomSpaced noBorder\" ><hr><\/div><header class=\"header btClear extralarge\" ><div class=\"dash\"><h1><span class=\"headline\">CONT\u00c1CTENOS<\/span><\/h1><\/div><\/header><\/div><\/div><\/div><\/div><\/div><\/div><\/div><\/section><section id=\"bt_section69ff1d49ce1b2\"  class=\"boldSection gutter inherit btBackgroundOverlay btSolidDarkBackground\" ><div class=\"port\"><div class=\"boldCell\"><div class=\"boldCellInner\"><div class=\"boldRow \" ><div class=\"boldRowInner\"><div class=\"rowItem col-md-6 col-sm-12 btTextLeft\"  data-width=\"6\"><div class=\"rowItemContent\" ><div class=\"btClear btSeparator topSpaced noBorder\" ><hr><\/div><div class=\"servicesItem  btServicesAccent3 btIcoMediumSizeIcon \"><div class=\"sIcon\"><span class=\"btIco btIcoMediumSize btIcoFilledType btAccent3Icon\"><a href=\"tel:+6044444262\" target=\"_self\" data-ico-fa=\"&#xf2a0;\" class=\"btIcoHolder\"><\/a><\/span><\/div><div class=\"sTxt\"><header class=\"header btClear small\" ><div class=\"dash\"><\/div><div class=\"btSubTitle\">(+604) 444 4262<\/p><br \/><p><\/div><\/header><\/div><\/div><\/div><\/div><div class=\"rowItem col-md-6 col-sm-12 btTextLeft\"  data-width=\"6\"><div class=\"rowItemContent\" ><div class=\"btClear btSeparator topSpaced noBorder\" ><hr><\/div><div class=\"servicesItem  btServicesAccent1 btIcoMediumSizeIcon \"><div class=\"sIcon\"><span class=\"btIco btIcoMediumSize btIcoFilledType btAccent1Icon\"><a href=\"https:\/\/goo.gl\/maps\/j6JDZUzWTFZa22XV6\" target=\"_self\" data-ico-es=\"&#xe9bb;\" class=\"btIcoHolder\"><\/a><\/span><\/div><div class=\"sTxt\"><header class=\"header btClear small\" ><div class=\"dash\"><\/div><div class=\"btSubTitle\">Calle 42 Sur #69A-58 San Antonio de Prado, Medell\u00edn, Ant \u2013 Colombia<\/div><\/header><\/div><\/div><\/div><\/div><\/div><\/div><div class=\"boldRow \" ><div class=\"boldRowInner\"><div class=\"rowItem col-md-6 col-sm-12 btTextLeft\"  data-width=\"6\"><div class=\"rowItemContent\" ><div class=\"btClear btSeparator topSmallSpaced noBorder\" ><hr><\/div><div class=\"btText\" >\n<div class=\"wpcf7 no-js\" id=\"wpcf7-f6453-o1\" lang=\"es-ES\" dir=\"ltr\">\n<div class=\"screen-reader-response\"><p role=\"status\" aria-live=\"polite\" aria-atomic=\"true\"><\/p> <ul><\/ul><\/div>\n<form action=\"\/portal\/wp-json\/wp\/v2\/pages\/6454#wpcf7-f6453-o1\" method=\"post\" class=\"wpcf7-form init\" aria-label=\"Formulario de contacto\" novalidate=\"novalidate\" data-status=\"init\">\n<div style=\"display: none;\">\n<input type=\"hidden\" name=\"_wpcf7\" value=\"6453\" \/>\n<input type=\"hidden\" name=\"_wpcf7_version\" value=\"5.7.7\" \/>\n<input type=\"hidden\" name=\"_wpcf7_locale\" value=\"es_ES\" \/>\n<input type=\"hidden\" name=\"_wpcf7_unit_tag\" value=\"wpcf7-f6453-o1\" \/>\n<input type=\"hidden\" name=\"_wpcf7_container_post\" value=\"0\" \/>\n<input type=\"hidden\" name=\"_wpcf7_posted_data_hash\" value=\"\" \/>\n<\/div>\n<p><label> <b>Nombre*<\/b><br \/>\n<span class=\"wpcf7-form-control-wrap\" data-name=\"your-name\"><input size=\"40\" class=\"wpcf7-form-control wpcf7-text wpcf7-validates-as-required\" aria-required=\"true\" aria-invalid=\"false\" value=\"\" type=\"text\" name=\"your-name\" \/><\/span> <\/label>\n<\/p>\n<p><label> <b>Correo Electr\u00f3nico*<\/b><br \/>\n<span class=\"wpcf7-form-control-wrap\" data-name=\"your-email\"><input size=\"40\" class=\"wpcf7-form-control wpcf7-text wpcf7-email wpcf7-validates-as-required wpcf7-validates-as-email\" aria-required=\"true\" aria-invalid=\"false\" value=\"\" type=\"email\" name=\"your-email\" \/><\/span> <\/label>\n<\/p>\n<p><label> <b>Mensaje<\/b><br \/>\n<span class=\"wpcf7-form-control-wrap\" data-name=\"your-message\"><textarea cols=\"40\" rows=\"10\" class=\"wpcf7-form-control wpcf7-textarea\" aria-invalid=\"false\" name=\"your-message\"><\/textarea><\/span> <\/label>\n<\/p>\n<p><label> <b>Cla\u00fasula Informativa<\/b><br \/>\n<label>\n\t\t\t<FONT SIZE=2 >En cumplimiento de la Ley Estatutaria 1581 de 2012 de Protecci\u00f3n de Datos, mediante el registro de sus datos en el presente formulario usted autoriza a COOPERATIVA MULTIACTIVA DE SAN ANTONIO DE PRADO para que \u00e9stos sean incorporados en su base de datos con la finalidad de capacitar y realizar prospecci\u00f3n comercial. Asimismo, le informamos que, en la recolecci\u00f3n, almacenamiento y uso, sus datos ser\u00e1n tratados conforme al ordenamiento legal vigente que rige la Protecci\u00f3n de Datos Personales garantizando el ejercicio de los derechos del titular. \n\nUsted puede ejercitar los derechos a conocer, corregir, actualizar, suprimir y\/o revocar la autorizaci\u00f3n, mediante escrito dirigido a la COOPERATIVA MULTIACTIVA DE SAN ANTONIO DE PRADO a la direcci\u00f3n de correo electr\u00f3nico coomulsap@coomulsap.com indicando en el asunto el derecho que desea ejercitar, o mediante correo ordinario remitido a la CALLE 42 SUR 69 A 58, MEDELL\u00cdN, ANTIOQUIA, indicando en el asunto el derecho que desea ejercitar.\nLos invitamos a conocer Nuestra pol\u00edtica interna de seguridad a trav\u00e9s del siguiente link: \n<b><a href=\"https:\/\/drive.coomulsap.com\/index.php\/s\/t6AjjS9mFH5ijt5\">Pol\u00edtica de Tratamiento de Datos<\/a><\/b>\n\t\t\t<\/font><br \/>\n<span class=\"wpcf7-form-control-wrap\" data-name=\"Clausula\"><span class=\"wpcf7-form-control wpcf7-checkbox wpcf7-validates-as-required\"><span class=\"wpcf7-list-item first last\"><label><input type=\"checkbox\" name=\"Clausula[]\" value=\"Acepto la autorizaci\u00f3n para tratamiento de datos personales\" \/><span class=\"wpcf7-list-item-label\">Acepto la autorizaci\u00f3n para tratamiento de datos personales<\/span><\/label><\/span><\/span><\/span><br \/>\n<input class=\"wpcf7-form-control has-spinner wpcf7-submit\" type=\"submit\" value=\"Enviar\" \/><\/label><\/label>\n<\/p><p style=\"display: none !important;\" class=\"akismet-fields-container\" data-prefix=\"_wpcf7_ak_\"><label>&#916;<textarea name=\"_wpcf7_ak_hp_textarea\" cols=\"45\" rows=\"8\" maxlength=\"100\"><\/textarea><\/label><input type=\"hidden\" id=\"ak_js_1\" name=\"_wpcf7_ak_js\" value=\"97\"\/><script>document.getElementById( \"ak_js_1\" ).setAttribute( \"value\", ( new Date() ).getTime() );<\/script><\/p><div class=\"wpcf7-response-output\" aria-hidden=\"true\"><\/div>\n<\/form>\n<\/div>\n<\/div><div class=\"btClear btSeparator topSpaced noBorder\" ><hr><\/div><\/div><\/div><div class=\"rowItem col-md-6 col-sm-12 btTextLeft\"  data-width=\"6\"><div class=\"rowItemContent\" ><div class=\"btClear btSeparator topSmallSpaced noBorder\" ><hr><\/div><div class=\"btText\" ><\/p>\n<p><iframe style=\"border: 0;\" src=\"https:\/\/www.google.com\/maps\/embed?pb=!1m18!1m12!1m3!1d3966.6042208164736!2d-75.65254578517819!3d6.183691128735686!2m3!1f0!2f0!3f0!3m2!1i1024!2i768!4f13.1!3m3!1m2!1s0x8e4681b95673284d%3A0xaf1baa3a94320a19!2sColegio%20Empresarial%20San%20Antonio%20de%20Prado!5e0!3m2!1ses-419!2sco!4v1580927122500!5m2!1ses-419!2sco\" width=\"600\" height=\"450\" frameborder=\"0\" allowfullscreen=\"allowfullscreen\"><\/iframe><\/p>\n<p>\n<\/div><div class=\"btClear btSeparator topSpaced noBorder\" ><hr><\/div><\/div><\/div><\/div><\/div><\/div><\/div><\/div><\/section><\/p>\n","protected":false},"excerpt":{"rendered":"","protected":false},"author":1,"featured_media":0,"parent":0,"menu_order":0,"comment_status":"closed","ping_status":"closed","template":"","meta":[],"_links":{"self":[{"href":"https:\/\/www.coomulsap.com\/portal\/wp-json\/wp\/v2\/pages\/6454"}],"collection":[{"href":"https:\/\/www.coomulsap.com\/portal\/wp-json\/wp\/v2\/pages"}],"about":[{"href":"https:\/\/www.coomulsap.com\/portal\/wp-json\/wp\/v2\/types\/page"}],"author":[{"embeddable":true,"href":"https:\/\/www.coomulsap.com\/portal\/wp-json\/wp\/v2\/users\/1"}],"replies":[{"embeddable":true,"href":"https:\/\/www.coomulsap.com\/portal\/wp-json\/wp\/v2\/comments?post=6454"}],"version-history":[{"count":4,"href":"https:\/\/www.coomulsap.com\/portal\/wp-json\/wp\/v2\/pages\/6454\/revisions"}],"predecessor-version":[{"id":7929,"href":"https:\/\/www.coomulsap.com\/portal\/wp-json\/wp\/v2\/pages\/6454\/revisions\/7929"}],"wp:attachment":[{"href":"https:\/\/www.coomulsap.com\/portal\/wp-json\/wp\/v2\/media?parent=6454"}],"curies":[{"name":"wp","href":"https:\/\/api.w.org\/{rel}","templated":true}]}}