{"id":6478,"date":"2020-02-05T15:43:50","date_gmt":"2020-02-05T20:43:50","guid":{"rendered":"http:\/\/www.coomulsap.com\/portal\/?page_id=6478"},"modified":"2025-04-08T11:29:09","modified_gmt":"2025-04-08T16:29:09","slug":"cemco-nuestra-historia","status":"publish","type":"page","link":"https:\/\/www.coomulsap.com\/portal\/cemco-nuestra-historia\/","title":{"rendered":"CEMCO &#8211; Nuestra Historia"},"content":{"rendered":"<p><section id=\"bt_section69d482979d6b2\"  class=\"boldSection topLargeSpaced bottomExtraSmallSpaced gutter inherit wBackground cover btBackgroundOverlay btSolidDarkBackground\" style=\"background-image:url('https:\/\/www.coomulsap.com\/portal\/wp-content\/uploads\/2020\/06\/WhatsApp-Image-2020-06-25-at-4.37.33-PM-1.jpeg');\"><div class=\"port\"><div class=\"boldCell\"><div class=\"boldCellInner\"><div class=\"boldRow \" ><div class=\"boldRowInner\"><div class=\"rowItem col-md-12 col-ms-12  btTextRight inherit btDarkSkin\"  data-width=\"12\"><div class=\"rowItemContent\" ><div class=\"btClear btSeparator topSemiSpaced bottomSpaced noBorder\" ><hr><\/div><header class=\"header btClear extralarge\" ><div class=\"btSuperTitle\"><span>CEMCO<\/span><\/div><div class=\"dash\"><h1><span class=\"headline\">Nuestra Historia<\/span><\/h1><\/div><\/header><\/div><\/div><\/div><\/div><\/div><\/div><\/div><\/section><section id=\"bt_section69d482979d93b\"  class=\"boldSection gutter\" ><div class=\"port\"><div class=\"boldCell\"><div class=\"boldCellInner\"><div class=\"boldRow \" ><div class=\"boldRowInner\"><div class=\"rowItem col-md-6 col-sm-12 btTextLeft\"  data-width=\"6\"><div class=\"rowItemContent\" ><div class=\"btClear btSeparator topSemiSpaced bottomSpaced noBorder\" ><hr><\/div><div class=\"bpgPhoto \" ><div class = \"btImage\"><img src=\"https:\/\/www.coomulsap.com\/portal\/wp-content\/uploads\/2020\/06\/WhatsApp-Image-2020-06-25-at-3.20.39-PM-2.jpeg\" alt=\"\" title=\"\"><\/div><\/div><\/div><\/div><div class=\"rowItem col-md-6 col-sm-12 btTextLeft\"  data-width=\"6\"><div class=\"rowItemContent\" ><div class=\"btClear btSeparator topSemiSpaced bottomSpaced noBorder\" ><hr><\/div><div class=\"btText\" ><\/p>\n<p>Cemco instituci\u00f3n para el trabajo y el desarrollo humano, fundada en el a\u00f1o 2009 aprobada por la secretaria de educaci\u00f3n municipal mediante resoluci\u00f3n 11570 del 28 de diciembre de 2009.<\/p>\n<p>Nuestra instituci\u00f3n ofrece a la comunidad y al sector empresarial 5 programas t\u00e9cnicos laborales en diferentes \u00e1reas del conocimiento el programa acad\u00e9mico de ingl\u00e9s, enmarcado en el marco com\u00fan europeo. Estos programas se brindan de manera presencial en el municipio de Medell\u00edn.<\/p>\n<p>CEMCO se destaca por su compromiso social, con sus habitantes del territorio y la responsabilidad de integralidad y formaci\u00f3n en competencias de sus estudiantes para que cumplan con las demandas actuales des mercado generando progreso social y productividad empresarial.<\/p>\n<p>\n<\/div><div class=\"btClear btSeparator topSemiSpaced bottomSpaced noBorder\" ><hr><\/div><\/div><\/div><\/div><\/div><\/div><\/div><\/div><\/section><\/p>\n","protected":false},"excerpt":{"rendered":"","protected":false},"author":1,"featured_media":0,"parent":0,"menu_order":0,"comment_status":"closed","ping_status":"closed","template":"","meta":[],"_links":{"self":[{"href":"https:\/\/www.coomulsap.com\/portal\/wp-json\/wp\/v2\/pages\/6478"}],"collection":[{"href":"https:\/\/www.coomulsap.com\/portal\/wp-json\/wp\/v2\/pages"}],"about":[{"href":"https:\/\/www.coomulsap.com\/portal\/wp-json\/wp\/v2\/types\/page"}],"author":[{"embeddable":true,"href":"https:\/\/www.coomulsap.com\/portal\/wp-json\/wp\/v2\/users\/1"}],"replies":[{"embeddable":true,"href":"https:\/\/www.coomulsap.com\/portal\/wp-json\/wp\/v2\/comments?post=6478"}],"version-history":[{"count":7,"href":"https:\/\/www.coomulsap.com\/portal\/wp-json\/wp\/v2\/pages\/6478\/revisions"}],"predecessor-version":[{"id":6502,"href":"https:\/\/www.coomulsap.com\/portal\/wp-json\/wp\/v2\/pages\/6478\/revisions\/6502"}],"wp:attachment":[{"href":"https:\/\/www.coomulsap.com\/portal\/wp-json\/wp\/v2\/media?parent=6478"}],"curies":[{"name":"wp","href":"https:\/\/api.w.org\/{rel}","templated":true}]}}