{"id":6490,"date":"2020-02-05T15:57:48","date_gmt":"2020-02-05T20:57:48","guid":{"rendered":"http:\/\/www.coomulsap.com\/portal\/?page_id=6490"},"modified":"2020-06-25T21:11:02","modified_gmt":"2020-06-26T02:11:02","slug":"cemco-principios-institucionales","status":"publish","type":"page","link":"https:\/\/www.coomulsap.com\/portal\/cemco-principios-institucionales\/","title":{"rendered":"CEMCO &#8211; Principios Institucionales"},"content":{"rendered":"<p><section id=\"bt_section69f9fedf0560b\"  class=\"boldSection topLargeSpaced bottomExtraSmallSpaced gutter inherit wBackground cover btBackgroundOverlay btSolidDarkBackground\" style=\"background-image:url('https:\/\/www.coomulsap.com\/portal\/wp-content\/uploads\/2020\/06\/WhatsApp-Image-2020-06-25-at-4.37.33-PM.jpeg');\"><div class=\"port\"><div class=\"boldCell\"><div class=\"boldCellInner\"><div class=\"boldRow \" ><div class=\"boldRowInner\"><div class=\"rowItem col-md-12 col-ms-12  btTextRight inherit btDarkSkin\"  data-width=\"12\"><div class=\"rowItemContent\" ><div class=\"btClear btSeparator topSemiSpaced bottomSpaced noBorder\" ><hr><\/div><header class=\"header btClear extralarge\" ><div class=\"btSuperTitle\"><span>CEMCO<\/span><\/div><div class=\"dash\"><h1><span class=\"headline\">Principios Institucionales<\/span><\/h1><\/div><\/header><\/div><\/div><\/div><\/div><\/div><\/div><\/div><\/section><section id=\"bt_section69f9fedf057d6\"  class=\"boldSection topSpaced bottomSpaced gutter inherit\" style=\"background-color:#e8e8e8;\"><div class=\"port\"><div class=\"boldCell\"><div class=\"boldCellInner\"><div class=\"boldRow \" ><div class=\"boldRowInner\"><div class=\"rowItem col-md-6 col-sm-12 btTextLeft\"  data-width=\"6\"><div class=\"rowItemContent\" ><div class=\"btText\" ><\/p>\n<h3><strong>POL\u00cdTICA DE CALIDAD<\/strong><\/h3>\n<p>La pol\u00edtica de calidad en el Centro de Estudios Empresariales Coomulsap CEMCO, se fundamenta en la cooperaci\u00f3n y en la solidaridad humana a partir de las cuales se construye y brinda un Proyecto Educativo encaminado a fortalecer la Formaci\u00f3n en competencias y para el emprendimiento, as\u00ed como los conocimientos acad\u00e9micos, contando para ello con un personal competente comprometido con el mejoramiento continuo.<\/p>\n<p>\n<\/div><\/div><\/div><div class=\"rowItem col-md-6 col-sm-12 btTextLeft\"  data-width=\"6\"><div class=\"rowItemContent\" ><div class=\"btText\" ><\/p>\n<h3><strong>OBJETIVOS DE CALIDAD<\/strong><\/h3>\n<ol>\n<li>Seleccionar y contratar personas id\u00f3neas y competentes que satisfagan las necesidades y colmen las expectativas de los clientes.<\/li>\n<li>Lograr que el desempe\u00f1o acad\u00e9mico de los estudiantes contribuya en el desarrollo de sus competencias.<\/li>\n<li>Proporcionar los recursos f\u00edsicos necesarios que garanticen la eficacia y eficiencia en la gesti\u00f3n administrativa, de acuerdo con los requerimientos de los clientes y lo estipulado en el Proyecto Educativo Institucional.<\/li>\n<\/ol>\n<p>\n<\/div><\/div><\/div><\/div><\/div><\/div><\/div><\/div><\/section><\/p>\n","protected":false},"excerpt":{"rendered":"","protected":false},"author":1,"featured_media":0,"parent":0,"menu_order":0,"comment_status":"closed","ping_status":"closed","template":"","meta":[],"_links":{"self":[{"href":"https:\/\/www.coomulsap.com\/portal\/wp-json\/wp\/v2\/pages\/6490"}],"collection":[{"href":"https:\/\/www.coomulsap.com\/portal\/wp-json\/wp\/v2\/pages"}],"about":[{"href":"https:\/\/www.coomulsap.com\/portal\/wp-json\/wp\/v2\/types\/page"}],"author":[{"embeddable":true,"href":"https:\/\/www.coomulsap.com\/portal\/wp-json\/wp\/v2\/users\/1"}],"replies":[{"embeddable":true,"href":"https:\/\/www.coomulsap.com\/portal\/wp-json\/wp\/v2\/comments?post=6490"}],"version-history":[{"count":4,"href":"https:\/\/www.coomulsap.com\/portal\/wp-json\/wp\/v2\/pages\/6490\/revisions"}],"predecessor-version":[{"id":7254,"href":"https:\/\/www.coomulsap.com\/portal\/wp-json\/wp\/v2\/pages\/6490\/revisions\/7254"}],"wp:attachment":[{"href":"https:\/\/www.coomulsap.com\/portal\/wp-json\/wp\/v2\/media?parent=6490"}],"curies":[{"name":"wp","href":"https:\/\/api.w.org\/{rel}","templated":true}]}}