{"id":6493,"date":"2020-02-05T16:22:45","date_gmt":"2020-02-05T21:22:45","guid":{"rendered":"http:\/\/www.coomulsap.com\/portal\/?page_id=6493"},"modified":"2020-02-05T16:53:49","modified_gmt":"2020-02-05T21:53:49","slug":"cemco-propuesta-educativa","status":"publish","type":"page","link":"https:\/\/www.coomulsap.com\/portal\/cemco-propuesta-educativa\/","title":{"rendered":"CEMCO &#8211; Propuesta Educativa"},"content":{"rendered":"<p><section id=\"bt_section69f9fee996d23\"  class=\"boldSection topLargeSpaced bottomExtraSmallSpaced gutter inherit wBackground cover btBackgroundOverlay btSolidDarkBackground\" style=\"background-image:url('https:\/\/www.coomulsap.com\/portal\/wp-content\/uploads\/2020\/02\/jeee.jpg');\"><div class=\"port\"><div class=\"boldCell\"><div class=\"boldCellInner\"><div class=\"boldRow \" ><div class=\"boldRowInner\"><div class=\"rowItem col-md-12 col-ms-12  btTextRight inherit btDarkSkin\"  data-width=\"12\"><div class=\"rowItemContent\" ><div class=\"btClear btSeparator topSemiSpaced bottomSpaced noBorder\" ><hr><\/div><header class=\"header btClear extralarge\" ><div class=\"btSuperTitle\"><span>CEMCO<\/span><\/div><div class=\"dash\"><h1><span class=\"headline\">Propuesta Educativa<\/span><\/h1><\/div><\/header><\/div><\/div><\/div><\/div><\/div><\/div><\/div><\/section><section id=\"bt_section69f9fee996e41\"  class=\"boldSection topSpaced bottomSpaced gutter inherit\" style=\"background-color:#e8e8e8;\"><div class=\"port\"><div class=\"boldCell\"><div class=\"boldCellInner\"><div class=\"boldRow \" ><div class=\"boldRowInner\"><div class=\"rowItem col-md-6 col-sm-12 btTextLeft\"  data-width=\"6\"><div class=\"rowItemContent\" ><div class=\"btText\" ><\/p>\n<p>La educaci\u00f3n para el trabajo y el desarrollo humano es una oferta educativa \u00a0que juega un papel importante en la transformaci\u00f3n productiva y fortalece las competencias laborales.<\/p>\n<p>La ETDH \u00a0en EL CENTRO DE ESTUDIOS EMPRESARIALES COOMULSAP- CEMCO, a trav\u00e9s del SGC ha implementado el Sistema de Gesti\u00f3n de la Calidad relacionado con el enfoque hacia el cliente tanto interno como externo, para asegurar que sus necesidades y requisitos legales y reglamentarios est\u00e9n determinados y se cumplan.<\/p>\n<p>Se aprovecha \u00a0para este fin la informaci\u00f3n relacionada con la percepci\u00f3n del cliente respecto del cumplimiento de sus requisitos por parte de la Instituci\u00f3n.<\/p>\n<p>La retroalimentaci\u00f3n de la rendici\u00f3n de cuentas, la atenci\u00f3n de quejas y reclamos, derechos de petici\u00f3n, entre otros.<\/p>\n<p>\n<\/div><\/div><\/div><div class=\"rowItem col-md-6 col-sm-12 btTextLeft\"  data-width=\"6\"><div class=\"rowItemContent\" ><div class=\"btText\" ><\/div><div class=\"bpgPhoto \" ><div class = \"btImage\"><img src=\"https:\/\/www.coomulsap.com\/portal\/wp-content\/uploads\/2020\/02\/jeee.jpg\" alt=\"\" title=\"\"><\/div><\/div><\/div><\/div><\/div><\/div><\/div><\/div><\/div><\/section><\/p>\n","protected":false},"excerpt":{"rendered":"","protected":false},"author":1,"featured_media":0,"parent":0,"menu_order":0,"comment_status":"closed","ping_status":"closed","template":"","meta":[],"_links":{"self":[{"href":"https:\/\/www.coomulsap.com\/portal\/wp-json\/wp\/v2\/pages\/6493"}],"collection":[{"href":"https:\/\/www.coomulsap.com\/portal\/wp-json\/wp\/v2\/pages"}],"about":[{"href":"https:\/\/www.coomulsap.com\/portal\/wp-json\/wp\/v2\/types\/page"}],"author":[{"embeddable":true,"href":"https:\/\/www.coomulsap.com\/portal\/wp-json\/wp\/v2\/users\/1"}],"replies":[{"embeddable":true,"href":"https:\/\/www.coomulsap.com\/portal\/wp-json\/wp\/v2\/comments?post=6493"}],"version-history":[{"count":5,"href":"https:\/\/www.coomulsap.com\/portal\/wp-json\/wp\/v2\/pages\/6493\/revisions"}],"predecessor-version":[{"id":6514,"href":"https:\/\/www.coomulsap.com\/portal\/wp-json\/wp\/v2\/pages\/6493\/revisions\/6514"}],"wp:attachment":[{"href":"https:\/\/www.coomulsap.com\/portal\/wp-json\/wp\/v2\/media?parent=6493"}],"curies":[{"name":"wp","href":"https:\/\/api.w.org\/{rel}","templated":true}]}}