{"id":6584,"date":"2020-02-06T09:07:14","date_gmt":"2020-02-06T14:07:14","guid":{"rendered":"http:\/\/www.coomulsap.com\/portal\/?page_id=6584"},"modified":"2020-02-06T09:13:28","modified_gmt":"2020-02-06T14:13:28","slug":"colegio-cooperativo-san-antonio-de-prado-mision-y-vision","status":"publish","type":"page","link":"https:\/\/www.coomulsap.com\/portal\/colegio-cooperativo-san-antonio-de-prado-mision-y-vision\/","title":{"rendered":"Colegio Cooperativo San Anton\u00edo de Prado \u2013 Misi\u00f3n y Visi\u00f3n"},"content":{"rendered":"<p><section id=\"bt_section69d25e4d9747e\"  class=\"boldSection topLargeSpaced bottomExtraSmallSpaced gutter inherit wBackground cover btBackgroundOverlay btSolidDarkBackground\" style=\"background-image:url('https:\/\/www.coomulsap.com\/portal\/wp-content\/uploads\/2020\/01\/cc_servicios_banner.png');\"><div class=\"port\"><div class=\"boldCell\"><div class=\"boldCellInner\"><div class=\"boldRow \" ><div class=\"boldRowInner\"><div class=\"rowItem col-md-12 col-ms-12  btTextRight inherit btDarkSkin\"  data-width=\"12\"><div class=\"rowItemContent\" ><div class=\"btClear btSeparator topSemiSpaced bottomSpaced noBorder\" ><hr><\/div><header class=\"header btClear extralarge\" ><div class=\"btSuperTitle\"><span>Colegio Cooperativo San Antonio de Prado<\/span><\/div><div class=\"dash\"><h1><span class=\"headline\">Misi\u00f3n y Visi\u00f3n<\/span><\/h1><\/div><\/header><\/div><\/div><\/div><\/div><\/div><\/div><\/div><\/section><section id=\"bt_section69d25e4d97661\"  class=\"boldSection gutter\" ><div class=\"port\"><div class=\"boldCell\"><div class=\"boldCellInner\"><\/div><\/div><\/div><\/section><section id=\"bt_section69d25e4d976a7\"  class=\"boldSection gutter inherit\" ><div class=\"port\"><div class=\"boldCell\"><div class=\"boldCellInner\"><div class=\"boldRow \" ><div class=\"boldRowInner\"><div class=\"rowItem col-md-12 col-ms-12  btTextLeft\"  data-width=\"12\"><div class=\"rowItemContent\" ><div class=\"btClear btSeparator topSmallSpaced bottomSemiSpaced noBorder\" ><hr><\/div><\/div><\/div><\/div><\/div><div class=\"boldRow \" ><div class=\"boldRowInner\"><div class=\"rowItem col-md-6 col-sm-12 btTextLeft animate animate-fadein animate-moveright btTopVertical btDarkSkin\" style=\"background-color: rgba(0, 153, 12, 1); \" data-width=\"6\"><div class=\"rowItemContent\" ><div class=\"btClear btSeparator topSpaced noBorder\" ><hr><\/div><div class=\"btText\" ><\/p>\n<h2 class=\"element wsite-content-title editable-text\">Misi\u00f3n<\/h2>\n<p>Brindamos educaci\u00f3n integral en preescolar, b\u00e1sica, media y semi-presencial con adultos en diferentes jornadas, al igual que programas de extensi\u00f3n, formando personas capaces de liderar cambios sociales. Contribuimos a trav\u00e9s de nuestra propuesta pedag\u00f3gica a la formaci\u00f3n \u00e9tica, cient\u00edfica, t\u00e9cnica, ambiental y profesional de los miembros de la Comunidad Educativa, fundamentados en los valores cooperativos.<\/p>\n<p>\n<\/div><div class=\"btClear btSeparator topSpaced noBorder\" ><hr><\/div><\/div><\/div><div class=\"rowItem col-md-6 col-sm-12 btTextLeft animate animate-fadein animate-moveleft btTopVertical wBackground cover\" style=\"background-image: url(https:\/\/www.coomulsap.com\/portal\/wp-content\/uploads\/2020\/01\/cc4.png);\" data-width=\"6\"><div class=\"rowItemContent\" ><div class=\"btText\" ><\/p>\n<p>\n<\/div><\/div><\/div><\/div><\/div><div class=\"boldRow \" ><div class=\"boldRowInner\"><div class=\"rowItem col-md-6 col-sm-12 btTextLeft animate animate-fadein animate-moveright btTopVertical wBackground cover\" style=\"background-image: url(https:\/\/www.coomulsap.com\/portal\/wp-content\/uploads\/2020\/01\/cc2.png);\" data-width=\"6\"><div class=\"rowItemContent\" ><div class=\"btText\" ><\/p>\n<p>\n<\/div><\/div><\/div><div class=\"rowItem col-md-6 col-sm-12 btTextLeft animate animate-fadein animate-moveleft btTopVertical btDarkSkin\" style=\"background-color: rgba(150, 102, 31, 1); \" data-width=\"6\"><div class=\"rowItemContent\" ><div class=\"btClear btSeparator topSpaced noBorder\" ><hr><\/div><div class=\"btText\" ><\/p>\n<h2 class=\"element wsite-content-title editable-text\">Visi\u00f3n<\/h2>\n<p>Para el a\u00f1o 2025 el colegio Cooperativo \u201cSan Antonio de Prado\u201d ser\u00e1 una instituci\u00f3n l\u00edder en la formaci\u00f3n de personas \u00e9ticas, comprometidas consigo mismas, solidarias, cr\u00edticas, coherentes en el sentir, el pensar y el actuar, con actitud investigativa, capaces de generar cambios con la apropiaci\u00f3n y el manejo acertado de las TIC, l\u00edderes en procesos musicales y deportivos para su comunidad y sociedad en general.<\/p>\n<p>\n<\/div><div class=\"btClear btSeparator topSpaced noBorder\" ><hr><\/div><\/div><\/div><\/div><\/div><div class=\"boldRow \" ><div class=\"boldRowInner\"><div class=\"rowItem col-md-12 col-ms-12  btTextLeft\"  data-width=\"12\"><div class=\"rowItemContent\" ><div class=\"btClear btSeparator topSmallSpaced bottomSemiSpaced noBorder\" ><hr><\/div><\/div><\/div><\/div><\/div><\/div><\/div><\/div><\/section><\/p>\n","protected":false},"excerpt":{"rendered":"","protected":false},"author":1,"featured_media":0,"parent":0,"menu_order":0,"comment_status":"closed","ping_status":"closed","template":"","meta":[],"_links":{"self":[{"href":"https:\/\/www.coomulsap.com\/portal\/wp-json\/wp\/v2\/pages\/6584"}],"collection":[{"href":"https:\/\/www.coomulsap.com\/portal\/wp-json\/wp\/v2\/pages"}],"about":[{"href":"https:\/\/www.coomulsap.com\/portal\/wp-json\/wp\/v2\/types\/page"}],"author":[{"embeddable":true,"href":"https:\/\/www.coomulsap.com\/portal\/wp-json\/wp\/v2\/users\/1"}],"replies":[{"embeddable":true,"href":"https:\/\/www.coomulsap.com\/portal\/wp-json\/wp\/v2\/comments?post=6584"}],"version-history":[{"count":3,"href":"https:\/\/www.coomulsap.com\/portal\/wp-json\/wp\/v2\/pages\/6584\/revisions"}],"predecessor-version":[{"id":6586,"href":"https:\/\/www.coomulsap.com\/portal\/wp-json\/wp\/v2\/pages\/6584\/revisions\/6586"}],"wp:attachment":[{"href":"https:\/\/www.coomulsap.com\/portal\/wp-json\/wp\/v2\/media?parent=6584"}],"curies":[{"name":"wp","href":"https:\/\/api.w.org\/{rel}","templated":true}]}}