{"id":6850,"date":"2020-02-13T10:16:47","date_gmt":"2020-02-13T15:16:47","guid":{"rendered":"http:\/\/www.coomulsap.com\/portal\/?page_id=6850"},"modified":"2020-07-10T13:18:21","modified_gmt":"2020-07-10T18:18:21","slug":"pradolac-mision-y-vision","status":"publish","type":"page","link":"https:\/\/www.coomulsap.com\/portal\/pradolac-home\/pradolac-mision-y-vision\/","title":{"rendered":"PRADOLAC &#8211; Misi\u00f3n y Visi\u00f3n"},"content":{"rendered":"<p><section id=\"bt_section69f4f7e887bd9\"  class=\"boldSection topLargeSpaced bottomExtraSmallSpaced gutter inherit wBackground cover btBackgroundOverlay btSolidDarkBackground\" style=\"background-image:url('https:\/\/www.coomulsap.com\/portal\/wp-content\/uploads\/2020\/02\/PradoLac-37.png');\"><div class=\"port\"><div class=\"boldCell\"><div class=\"boldCellInner\"><div class=\"boldRow \" ><div class=\"boldRowInner\"><div class=\"rowItem col-md-12 col-ms-12  btTextRight inherit btDarkSkin\"  data-width=\"12\"><div class=\"rowItemContent\" ><div class=\"btClear btSeparator topSemiSpaced bottomSpaced noBorder\" ><hr><\/div><header class=\"header btClear extralarge\" ><div class=\"btSuperTitle\"><span>PRADOLAC<\/span><\/div><div class=\"dash\"><h1><span class=\"headline\">Misi\u00f3n y Visi\u00f3n<\/span><\/h1><\/div><\/header><\/div><\/div><\/div><\/div><\/div><\/div><\/div><\/section><section id=\"bt_section69f4f7e887e07\"  class=\"boldSection gutter inherit\" ><div class=\"port\"><div class=\"boldCell\"><div class=\"boldCellInner\"><div class=\"boldRow \" ><div class=\"boldRowInner\"><div class=\"rowItem col-md-12 col-ms-12  btTextLeft\"  data-width=\"12\"><div class=\"rowItemContent\" ><div class=\"btClear btSeparator topSmallSpaced bottomSemiSpaced noBorder\" ><hr><\/div><\/div><\/div><\/div><\/div><div class=\"boldRow \" ><div class=\"boldRowInner\"><div class=\"rowItem col-md-6 col-sm-12 btTextLeft animate animate-fadein animate-moveright btTopVertical btDarkSkin\" style=\"background-color: rgba(103, 155, 0, 1); \" data-width=\"6\"><div class=\"rowItemContent\" ><div class=\"btClear btSeparator topSpaced noBorder\" ><hr><\/div><div class=\"btText\" ><\/p>\n<h2 class=\"element wsite-content-title editable-text\">Misi\u00f3n<\/h2>\n<p style=\"font-weight: 400;\">Ofrecer productos l\u00e1cteos inigualables, sanos y naturales, que su excelente calidad, sabor, textura, presentaci\u00f3n y olor lo hagan \u00fanico en su rango.<\/p>\n<p style=\"font-weight: 400;\">Brindar a nuestros comensales productos l\u00e1cteos que los dejen extasiados y siempre con ganas de m\u00e1s, gracias no solo al producto sino a un excelente servicio, logrando de esta manera estabilidad empresarial y por tanto desarrollo econ\u00f3mico y social para nuestra regi\u00f3n.<\/p>\n<p>\n<\/div><div class=\"btClear btSeparator topSpaced noBorder\" ><hr><\/div><\/div><\/div><div class=\"rowItem col-md-6 col-sm-12 btTextLeft animate animate-fadein animate-moveleft btTopVertical wBackground cover\" style=\"background-image: url(https:\/\/www.coomulsap.com\/portal\/wp-content\/uploads\/2020\/02\/PradoLac-25-1.png);\" data-width=\"6\"><div class=\"rowItemContent\" ><div class=\"btText\" ><\/p>\n<p>\n<\/div><\/div><\/div><\/div><\/div><div class=\"boldRow \" ><div class=\"boldRowInner\"><div class=\"rowItem col-md-6 col-sm-12 btTextLeft animate animate-fadein animate-moveright btTopVertical wBackground cover\" style=\"background-image: url(https:\/\/www.coomulsap.com\/portal\/wp-content\/uploads\/2020\/02\/PradoLac-38.png);\" data-width=\"6\"><div class=\"rowItemContent\" ><div class=\"btText\" ><\/p>\n<p>\n<\/div><\/div><\/div><div class=\"rowItem col-md-6 col-sm-12 btTextLeft animate animate-fadein animate-moveleft btTopVertical btDarkSkin\" style=\"background-color: rgba(25, 146, 183, 1); \" data-width=\"6\"><div class=\"rowItemContent\" ><div class=\"btClear btSeparator topSpaced bottomSpaced noBorder\" ><hr><\/div><div class=\"btText\" ><\/p>\n<h2 class=\"element wsite-content-title editable-text\">Visi\u00f3n<\/h2>\n<p>Ser la empresa de industrias l\u00e1cteas l\u00edder en el mercado Antioque\u00f1o al satisfacer las necesidades alimenticias de la poblaci\u00f3n, ofreci\u00e9ndoles siempre productos naturales, destacados por la calidad en nuestros productos, innovaci\u00f3n, desarrollo y servicio al cliente.<\/p>\n<p>\n<\/div><div class=\"btClear btSeparator topSpaced bottomSpaced noBorder\" ><hr><\/div><\/div><\/div><\/div><\/div><div class=\"boldRow \" ><div class=\"boldRowInner\"><div class=\"rowItem col-md-12 col-ms-12  btTextLeft\"  data-width=\"12\"><div class=\"rowItemContent\" ><div class=\"btClear btSeparator topSmallSpaced bottomSemiSpaced noBorder\" ><hr><\/div><\/div><\/div><\/div><\/div><\/div><\/div><\/div><\/section><\/p>\n","protected":false},"excerpt":{"rendered":"","protected":false},"author":1,"featured_media":0,"parent":6267,"menu_order":0,"comment_status":"closed","ping_status":"closed","template":"","meta":[],"_links":{"self":[{"href":"https:\/\/www.coomulsap.com\/portal\/wp-json\/wp\/v2\/pages\/6850"}],"collection":[{"href":"https:\/\/www.coomulsap.com\/portal\/wp-json\/wp\/v2\/pages"}],"about":[{"href":"https:\/\/www.coomulsap.com\/portal\/wp-json\/wp\/v2\/types\/page"}],"author":[{"embeddable":true,"href":"https:\/\/www.coomulsap.com\/portal\/wp-json\/wp\/v2\/users\/1"}],"replies":[{"embeddable":true,"href":"https:\/\/www.coomulsap.com\/portal\/wp-json\/wp\/v2\/comments?post=6850"}],"version-history":[{"count":6,"href":"https:\/\/www.coomulsap.com\/portal\/wp-json\/wp\/v2\/pages\/6850\/revisions"}],"predecessor-version":[{"id":7342,"href":"https:\/\/www.coomulsap.com\/portal\/wp-json\/wp\/v2\/pages\/6850\/revisions\/7342"}],"up":[{"embeddable":true,"href":"https:\/\/www.coomulsap.com\/portal\/wp-json\/wp\/v2\/pages\/6267"}],"wp:attachment":[{"href":"https:\/\/www.coomulsap.com\/portal\/wp-json\/wp\/v2\/media?parent=6850"}],"curies":[{"name":"wp","href":"https:\/\/api.w.org\/{rel}","templated":true}]}}