{"id":6866,"date":"2020-02-13T10:52:24","date_gmt":"2020-02-13T15:52:24","guid":{"rendered":"http:\/\/www.coomulsap.com\/portal\/?page_id=6866"},"modified":"2020-02-13T11:48:26","modified_gmt":"2020-02-13T16:48:26","slug":"educacion-inicial-modalidades-de-la-atencion","status":"publish","type":"page","link":"https:\/\/www.coomulsap.com\/portal\/educacion-inicial\/educacion-inicial-modalidades-de-la-atencion\/","title":{"rendered":"Educaci\u00f3n Inicial &#8211; Modalidades de la Atenci\u00f3n"},"content":{"rendered":"<p><section id=\"bt_section69fa011b3d74b\"  class=\"boldSection topLargeSpaced bottomExtraSmallSpaced gutter inherit wBackground cover btBackgroundOverlay btSolidDarkBackground\" style=\"background-image:url('https:\/\/www.coomulsap.com\/portal\/wp-content\/uploads\/2020\/01\/dc_banner.png');\"><div class=\"port\"><div class=\"boldCell\"><div class=\"boldCellInner\"><div class=\"boldRow \" ><div class=\"boldRowInner\"><div class=\"rowItem col-md-12 col-ms-12  btTextRight inherit btDarkSkin\"  data-width=\"12\"><div class=\"rowItemContent\" ><div class=\"btClear btSeparator topSemiSpaced bottomSpaced noBorder\" ><hr><\/div><header class=\"header btClear extralarge\" ><div class=\"btSuperTitle\"><span>Educaci\u00f3n Inicial<\/span><\/div><div class=\"dash\"><h1><span class=\"headline\">Modalidades de Atenci\u00f3n<\/span><\/h1><\/div><\/header><\/div><\/div><\/div><\/div><\/div><\/div><\/div><\/section><section id=\"bt_section69fa011b3d950\"  class=\"boldSection gutter\" ><div class=\"port\"><div class=\"boldCell\"><div class=\"boldCellInner\"><div class=\"boldRow \" ><div class=\"boldRowInner\"><div class=\"rowItem col-md-12 col-ms-12  btTextLeft\"  data-width=\"12\"><div class=\"rowItemContent\" ><div class=\"btClear btSeparator topSpaced noBorder\" ><hr><\/div><div class=\"btText\" ><\/p>\n<p><span style=\"font-weight: 400;\">Las modalidades de atenci\u00f3n promueven de manera intencionada el desarrollo de ni\u00f1as y ni\u00f1os, con la participaci\u00f3n de talento humano id\u00f3neo, responsable de planear y gestionar acciones tendientes a la garant\u00eda de los derechos, construir propuestas pedag\u00f3gicas que generen oportunidades de expresi\u00f3n y comunicaci\u00f3n con padres y adultos. As\u00ed como la construcci\u00f3n de acuerdos sociales y territoriales que permita la diversidad de experiencias para el desarrollo integral, y con un \u00e9nfasis particular en el trabajo comunitario, desde el sentido que la comunidad le otorga al cuidado y protecci\u00f3n de la ni\u00f1ez.<\/span><\/p>\n<p>\n<\/div><div class=\"btClear btSeparator bottomSpaced noBorder\" ><hr><\/div><\/div><\/div><\/div><\/div><\/div><\/div><\/div><\/section><section id=\"bt_section69fa011b3db00\"  class=\"boldSection inherit\" ><div class=\"port\"><div class=\"boldCell\"><div class=\"boldCellInner\"><div class=\"boldRow \" ><div class=\"boldRowInner\"><div class=\"rowItem col-md-3 col-sm-6 col-ms-12 btTextLeft animate animate-fadein animate-moveup btHighlightShadow btHighlightBorder btTopVertical btTextIndent\" style=\"background-color: rgba(33, 173, 227, 1); \" data-width=\"3\"><div class=\"rowItemContent\" ><div class=\"btClear btSeparator topSpaced noBorder\" ><hr><\/div><header class=\"header btClear small\" ><div class=\"dash\"><h4><span class=\"headline\">Institucional<\/span><\/h4><\/div><\/header><div class=\"btText\" ><\/p>\n<p><span style=\"font-weight: 400;\">Se garantiza el derecho a la educaci\u00f3n inicial en el marco de la atenci\u00f3n integral a ni\u00f1os y ni\u00f1as desde los dos (2) a\u00f1os y hasta los cinco (5) a\u00f1os, en jornadas de ocho (8) horas diarias, durante cinco (5) d\u00edas a la semana. Esto se logra en un espacio f\u00edsico acondicionado y habilitado para la atenci\u00f3n denominado Centro Infantil.<\/span><\/p>\n<p><span style=\"font-weight: 400;\">Esta modalidad cuenta con diferentes espacios que promueven y potencian el desarrollo integral de ni\u00f1as y ni\u00f1os de primera infancia a trav\u00e9s de los servicios de educaci\u00f3n inicial. Los ni\u00f1os y las ni\u00f1as pueden disfrutar de una alimentaci\u00f3n balanceada y proporcional a sus requerimientos nutricionales, as\u00ed como espacios para desarrollar las actividades propias de la primera infancia orientados por un talento humano id\u00f3neo.<\/span><\/p>\n<p>\n<\/div><div class=\"btClear btSeparator bottomSpaced noBorder\" ><hr><\/div><\/div><\/div><div class=\"rowItem col-md-3 col-sm-6 col-ms-12 btTextLeft animate animate-fadein animate-moveup btHighlightShadow btHighlightBorder btTopVertical btTextIndent\" style=\"background-color: rgba(232, 232, 232, 1); \" data-width=\"3\"><div class=\"rowItemContent\" ><div class=\"btClear btSeparator topSpaced noBorder\" ><hr><\/div><header class=\"header btClear small\" ><div class=\"dash\"><h4><span class=\"headline\">Jardines Infantiles<\/span><\/h4><\/div><\/header><div class=\"btText\" ><\/p>\n<p><i><span style=\"font-weight: 400;\">Descripci\u00f3n de la modalidad: <\/span><\/i><span style=\"font-weight: 400;\">a trav\u00e9s de esta modalidad se ofrece atenci\u00f3n integral a ni\u00f1os y ni\u00f1as desde los dos (2) a\u00f1os y hasta los cinco (5) a\u00f1os, en jornadas de ocho (8) horas diarias, durante cinco (5) d\u00edas a la semana y ni\u00f1os y ni\u00f1as desde los tres (3) meses y hasta los 23 meses, cuando por las condiciones de las familias, se hace necesario atenderlos a esta edad.<\/span><\/p>\n<p><span style=\"font-weight: 400;\">El Jard\u00edn Infantil es un lugar con condiciones arquitect\u00f3nicas de calidad est\u00e9tica, seguridad e higiene que potencian la calidad de vida de los ni\u00f1os, ni\u00f1as, familias, agentes educativos y comunidad en general. Este ofrece diferentes espacios de interacci\u00f3n y disfrute entre los que se puede resaltar: sala cuna, lactario, sala de gateadores, salas de desarrollo, nichos para juegos y zonas de espacio libre.<\/span><\/p>\n<p>\n<\/div><div class=\"btClear btSeparator bottomSpaced noBorder\" ><hr><\/div><\/div><\/div><div class=\"rowItem col-md-3 col-sm-6 col-ms-12 btTextLeft animate animate-fadein animate-moveup btHighlightShadow btHighlightBorder btTopVertical btTextIndent\" style=\"background-color: rgba(33, 173, 227, 1); \" data-width=\"3\"><div class=\"rowItemContent\" ><div class=\"btClear btSeparator topSpaced noBorder\" ><hr><\/div><header class=\"header btClear small\" ><div class=\"dash\"><h4><span class=\"headline\">Familiar<\/span><\/h4><\/div><\/header><div class=\"btText\" ><\/p>\n<p><span style=\"font-weight: 400;\">La atenci\u00f3n se realiza desde la gestaci\u00f3n y hasta los 23 meses en el \u00e1rea urbana y cabeceras de corregimientos. Desde la gestaci\u00f3n y hasta los cinco a\u00f1os en el \u00e1rea rural dispersa, urbano perif\u00e9rica y asentamientos donde no exista acceso a la modalidad de entorno institucional. Tiene como objetivo fortalecer el rol formador de la familia y otras personas significativas como principales agentes educativos y entorno protector de los ni\u00f1os y las ni\u00f1as partiendo de sus capacidades para el logro de competencias que aportan al desarrollo f\u00edsico, cognitivo, emocional y social de ellos a partir del reconocimiento y las potencialidades humanas. Dentro de la modalidad se cuenta adem\u00e1s con el servicio de Hogares FAMI atendido por madres comunitarias y de Desarrollo Infantil en Medio familiar que es atendido por agentes educativos en diferentes \u00e1reas.<\/span><\/p>\n<p>\n<\/div><div class=\"btClear btSeparator bottomSpaced noBorder\" ><hr><\/div><\/div><\/div><div class=\"rowItem col-md-3 col-sm-6 col-ms-12 btTextLeft animate animate-fadein animate-moveup btHighlightShadow btHighlightBorder btTopVertical btTextIndent\" style=\"background-color: rgba(232, 232, 232, 1); \" data-width=\"3\"><div class=\"rowItemContent\" ><div class=\"btClear btSeparator topSpaced noBorder\" ><hr><\/div><header class=\"header btClear small\" ><div class=\"dash\"><h4><span class=\"headline\">Comunitaria<\/span><\/h4><\/div><\/header><div class=\"btText\" ><\/p>\n<p><span style=\"font-weight: 400;\">En la modalidad se ofrece el servicio Hogares Comunitarios de Bienestar (HCB) el cual opera bajo una estructura b\u00e1sica compuesta por 13 ni\u00f1as y ni\u00f1os, seg\u00fan la demanda o necesidad de cada territorio, el servicio se presta en la vivienda de la madre o padre comunitario con previa autorizaci\u00f3n por parte del respectivo Centro Zonal que garantiza las condiciones de calidad del servicio. La modalidad opera durante 200 d\u00edas al a\u00f1o, 5 d\u00edas h\u00e1biles de la semana y en jornadas diurnas de 8 horas.<\/span><\/p>\n<p>\n<\/div><div class=\"btClear btSeparator bottomSpaced noBorder\" ><hr><\/div><\/div><\/div><\/div><\/div><div class=\"boldRow \" ><div class=\"boldRowInner\"><div class=\"rowItem col-md-12 col-ms-12  btTextLeft\"  data-width=\"12\"><div class=\"rowItemContent\" ><div class=\"btClear btSeparator bottomSpaced noBorder\" ><hr><\/div><\/div><\/div><\/div><\/div><\/div><\/div><\/div><\/section><\/p>\n","protected":false},"excerpt":{"rendered":"","protected":false},"author":1,"featured_media":0,"parent":6136,"menu_order":0,"comment_status":"closed","ping_status":"closed","template":"","meta":[],"_links":{"self":[{"href":"https:\/\/www.coomulsap.com\/portal\/wp-json\/wp\/v2\/pages\/6866"}],"collection":[{"href":"https:\/\/www.coomulsap.com\/portal\/wp-json\/wp\/v2\/pages"}],"about":[{"href":"https:\/\/www.coomulsap.com\/portal\/wp-json\/wp\/v2\/types\/page"}],"author":[{"embeddable":true,"href":"https:\/\/www.coomulsap.com\/portal\/wp-json\/wp\/v2\/users\/1"}],"replies":[{"embeddable":true,"href":"https:\/\/www.coomulsap.com\/portal\/wp-json\/wp\/v2\/comments?post=6866"}],"version-history":[{"count":3,"href":"https:\/\/www.coomulsap.com\/portal\/wp-json\/wp\/v2\/pages\/6866\/revisions"}],"predecessor-version":[{"id":6869,"href":"https:\/\/www.coomulsap.com\/portal\/wp-json\/wp\/v2\/pages\/6866\/revisions\/6869"}],"up":[{"embeddable":true,"href":"https:\/\/www.coomulsap.com\/portal\/wp-json\/wp\/v2\/pages\/6136"}],"wp:attachment":[{"href":"https:\/\/www.coomulsap.com\/portal\/wp-json\/wp\/v2\/media?parent=6866"}],"curies":[{"name":"wp","href":"https:\/\/api.w.org\/{rel}","templated":true}]}}