{"id":7216,"date":"2020-05-21T09:34:39","date_gmt":"2020-05-21T14:34:39","guid":{"rendered":"https:\/\/www.coomulsap.com\/portal\/?page_id=7216"},"modified":"2020-05-21T10:03:17","modified_gmt":"2020-05-21T15:03:17","slug":"colegio-cooperativo-san-antonio-de-prado-sede-fray-luis-amigo","status":"publish","type":"page","link":"https:\/\/www.coomulsap.com\/portal\/colegio-cooperativo-san-antonio-de-prado-sede-fray-luis-amigo\/","title":{"rendered":"Colegio Cooperativo San Antonio de Prado &#8211; Sede Fray Luis Amig\u00f3"},"content":{"rendered":"<p><section id=\"bt_section6a02306661dd4\"  class=\"boldSection topLargeSpaced bottomExtraSmallSpaced gutter inherit wBackground cover btBackgroundOverlay btSolidDarkBackground\" style=\"background-image:url('https:\/\/www.coomulsap.com\/portal\/wp-content\/uploads\/2020\/05\/1.jpg');\"><div class=\"port\"><div class=\"boldCell\"><div class=\"boldCellInner\"><div class=\"boldRow \" ><div class=\"boldRowInner\"><div class=\"rowItem col-md-12 col-ms-12  btTextRight inherit btDarkSkin\"  data-width=\"12\"><div class=\"rowItemContent\" ><div class=\"btClear btSeparator topSemiSpaced bottomSpaced noBorder\" ><hr><\/div><header class=\"header btClear extralarge\" ><div class=\"btSuperTitle\"><span>Colegio Cooperativo San Antonio de Prado<\/span><\/div><div class=\"dash\"><h1><span class=\"headline\">Sede Fray Luis Amigo<\/span><\/h1><\/div><\/header><\/div><\/div><\/div><\/div><\/div><\/div><\/div><\/section><section id=\"bt_section6a02306661fe8\"  class=\"boldSection gutter inherit\" ><div class=\"port\"><div class=\"boldCell\"><div class=\"boldCellInner\"><div class=\"boldRow \" ><div class=\"boldRowInner\"><div class=\"rowItem col-md-6 col-sm-12 btTextLeft\"  data-width=\"6\"><div class=\"rowItemContent\" ><div class=\"btClear btSeparator topSmallSpaced bottomSpaced noBorder\" ><hr><\/div><div class=\"btText\" ><\/p>\n<h2>Historia de Fray Luis Amig\u00f3<\/h2>\n<p>Ubicada en la ciudad de Medell\u00edn calle 110 #43\u00aa -51 barrio Popular uno<\/p>\n<p>En el a\u00f1o 1974 Reinaldo de Jes\u00fas Henao Montoya termina sus estudios secundarios en el municipio de Ciudad Bol\u00edvar (Antioquia) y lleno de ilusiones viene a la ciudad de Medell\u00edn; y en 1975 forma un grupo para la ense\u00f1anza de la b\u00e1sica primaria con el se\u00f1or Roberto Antonio Agudelo, quien regresaba de cursar estudios de sacerdocio en la ciudad de Bogot\u00e1 como en el municipio de La Ceja (Ant) con la comunidad de los hermanos capuchinos cuyo patrono es Monse\u00f1or Luis Amig\u00f3 y Ferer.<\/p>\n<p>Durante este a\u00f1o 10 estudiantes son ubicados en ranchos de cart\u00f3n y madera para comenzar un proyecto de b\u00e1sica primaria en el barrio Popular Uno, con deseos de aprender, en el a\u00f1o 1976 se inician labores acad\u00e9micas en una casa de material y techo que les presta una vecina del barrio, all\u00ed trabajaron durante tres a\u00f1os en condiciones supremamente inc\u00f3modas ya que carecen de espacio f\u00edsico y de mobiliario.<\/p>\n<p>Para el a\u00f1o 1979, el se\u00f1or Froilan Palacios dona un terreno en la carrera 110 No 43 A &#8211; 51 y con un pr\u00e9stamo hecho en la entidad Barrios de Jes\u00fas se inicia la construcci\u00f3n de la sede que actualmente ocupa, inici\u00e1ndose as\u00ed las labores en la nueva sede en el a\u00f1o 1980. En el a\u00f1o 2004 muere el entonces director, Roberto Antonio Agudelo, quedando en el cargo Reinaldo de Jes\u00fas Henao Montoya y para<br \/>\nel a\u00f1o 2005 se inicia un nuevo proceso con el n\u00facleo educativo 914 a cargo de la se\u00f1ora Mar\u00eda Elsy Oquendo, quien con mucho inter\u00e9s se ocupa de que la instituci\u00f3n siga funcionando y se acoja a la normas legales propuestas por Secretaria de Educaci\u00f3n. Se busca entonces, una instituci\u00f3n que est\u00e9 legalizada y que pueda apadrinar la escuela; apropi\u00e1ndose de dicho proceso la se\u00f1ora Alba Lucia Vahos Echeverri, directora de la Escuela San Nicol\u00e1s, administrada por <a href=\"http:\/\/www.coomulsap.com\">Coomulsap<\/a>.<\/p>\n<p>Desde el a\u00f1o 2006 estamos formando personas integrales en el ser, en el aprender, en el hacer y que sean transformadores de los diferentes lugares d\u00f3nde se encuentren; por lo tanto nuestros objetivos principales son:<\/p>\n<ul>\n<li>Formar en valores a nuestros estudiantes y que ello y ellas sean reconocidos y valorados.<\/li>\n<li>Tener un mejoramiento continuo en lo relacionado con la academia para obtener unos buenos resultados en las diferentes pruebas.<\/li>\n<\/ul>\n<p>En la actualidad somos COLEGIO COOPERATIVO SAN ANTONIO DE PRADO SEDE FRAY LUIS<br \/>\nAMIGO, tenemos seis docentes y un jefe de proyecto, atendemos en la actualidad<br \/>\n198 estudiantes desde preescolar hasta quinto.<\/p>\n<p>\n<\/div><div class=\"btClear btSeparator topSmallSpaced bottomSpaced noBorder\" ><hr><\/div><\/div><\/div><div class=\"rowItem col-md-6 col-sm-12 btTextLeft\"  data-width=\"6\"><div class=\"rowItemContent\" ><div class=\"btClear btSeparator topSmallSpaced bottomSpaced noBorder\" ><hr><\/div><div class=\"bpgPhoto \" ><div class = \"btImage\"><img src=\"https:\/\/www.coomulsap.com\/portal\/wp-content\/uploads\/2020\/05\/3.jpg\" alt=\"\" title=\"\"><\/div><\/div><div class=\"btClear btSeparator topSmallSpaced bottomSpaced noBorder\" ><hr><\/div><div class=\"bpgPhoto \" ><div class = \"btImage\"><img src=\"https:\/\/www.coomulsap.com\/portal\/wp-content\/uploads\/2020\/05\/2.jpg\" alt=\"\" title=\"Fray Luis Amig\u00f3\"><\/div><\/div><\/div><\/div><\/div><\/div><\/div><\/div><\/div><\/section><\/p>\n","protected":false},"excerpt":{"rendered":"","protected":false},"author":1,"featured_media":0,"parent":0,"menu_order":0,"comment_status":"closed","ping_status":"closed","template":"","meta":[],"_links":{"self":[{"href":"https:\/\/www.coomulsap.com\/portal\/wp-json\/wp\/v2\/pages\/7216"}],"collection":[{"href":"https:\/\/www.coomulsap.com\/portal\/wp-json\/wp\/v2\/pages"}],"about":[{"href":"https:\/\/www.coomulsap.com\/portal\/wp-json\/wp\/v2\/types\/page"}],"author":[{"embeddable":true,"href":"https:\/\/www.coomulsap.com\/portal\/wp-json\/wp\/v2\/users\/1"}],"replies":[{"embeddable":true,"href":"https:\/\/www.coomulsap.com\/portal\/wp-json\/wp\/v2\/comments?post=7216"}],"version-history":[{"count":4,"href":"https:\/\/www.coomulsap.com\/portal\/wp-json\/wp\/v2\/pages\/7216\/revisions"}],"predecessor-version":[{"id":7223,"href":"https:\/\/www.coomulsap.com\/portal\/wp-json\/wp\/v2\/pages\/7216\/revisions\/7223"}],"wp:attachment":[{"href":"https:\/\/www.coomulsap.com\/portal\/wp-json\/wp\/v2\/media?parent=7216"}],"curies":[{"name":"wp","href":"https:\/\/api.w.org\/{rel}","templated":true}]}}