{"id":8157,"date":"2025-04-08T12:26:14","date_gmt":"2025-04-08T17:26:14","guid":{"rendered":"https:\/\/www.coomulsap.com\/portal\/?page_id=8157"},"modified":"2025-04-08T12:28:58","modified_gmt":"2025-04-08T17:28:58","slug":"cemco-politicas-de-calidad","status":"publish","type":"page","link":"https:\/\/www.coomulsap.com\/portal\/cemco-politicas-de-calidad\/","title":{"rendered":"CEMCO &#8211; Pol\u00edticas de Calidad"},"content":{"rendered":"<p><section id=\"bt_section69fa001aa77f5\"  class=\"boldSection topLargeSpaced bottomExtraSmallSpaced gutter inherit wBackground cover btBackgroundOverlay btSolidDarkBackground\" style=\"background-image:url('https:\/\/www.coomulsap.com\/portal\/wp-content\/uploads\/2020\/06\/WhatsApp-Image-2020-06-25-at-3.20.39-PM.jpeg');\"><div class=\"port\"><div class=\"boldCell\"><div class=\"boldCellInner\"><div class=\"boldRow \" ><div class=\"boldRowInner\"><div class=\"rowItem col-md-12 col-ms-12  btTextRight inherit btDarkSkin\"  data-width=\"12\"><div class=\"rowItemContent\" ><div class=\"btClear btSeparator topSemiSpaced bottomSpaced noBorder\" ><hr><\/div><header class=\"header btClear extralarge\" ><div class=\"btSuperTitle\"><span>CEMCO<\/span><\/div><div class=\"dash\"><h1><span class=\"headline\">Pol\u00edticas de Calidad<\/span><\/h1><\/div><\/header><\/div><\/div><\/div><\/div><\/div><\/div><\/div><\/section><section id=\"bt_section69fa001aa7a1e\"  class=\"boldSection gutter inherit\" ><div class=\"port\"><div class=\"boldCell\"><div class=\"boldCellInner\"><div class=\"boldRow \" ><div class=\"boldRowInner\"><div class=\"rowItem col-md-12 col-ms-12  btTextLeft\"  data-width=\"12\"><div class=\"rowItemContent\" ><div class=\"btClear btSeparator topSmallSpaced bottomSemiSpaced noBorder\" ><hr><\/div><\/div><\/div><\/div><\/div><div class=\"boldRow \" ><div class=\"boldRowInner\"><div class=\"rowItem col-md-6 col-sm-12 btTextLeft animate animate-fadein animate-moveright btTopVertical btDarkSkin\" style=\"background-color: rgba(0, 150, 150, 1); \" data-width=\"6\"><div class=\"rowItemContent\" ><div class=\"btClear btSeparator topSpaced noBorder\" ><hr><\/div><div class=\"btText\" ><\/p>\n<p><span style=\"font-weight: 400;\">El Centro de Estudios Empresariales Coomulsap \u2013 CEMCO -, se fundamenta en los principios de cooperaci\u00f3n y la solidaridad humana, a partir de los cuales desarrollamos y ofrecemos un Proyecto Educativo encaminado a fortalecer la formaci\u00f3n en conocimientos acad\u00e9micos y competencias que permitan la inserci\u00f3n exitosa al sector productivo asegurando su sostenibilidad a largo plazo, contando para ello con un personal id\u00f3neo en nuestros procesos y servicios, orientado al mejoramiento continuo.<\/span><\/p>\n<p><b>Objetivos de calidad\u00a0<\/b><\/p>\n<ul>\n<li aria-level=\"4\"><span style=\"font-weight: 400;\">Lograr que el desempe\u00f1o acad\u00e9mico de los estudiantes contribuya al desarrollo de sus competencias, para incentivar el ingreso al <\/span><b>sector productivo<\/b><\/li>\n<\/ul>\n<ul>\n<li style=\"font-weight: 400;\" aria-level=\"4\"><span style=\"font-weight: 400;\">Proporcionar los recursos f\u00edsicos, financieros necesarios que garanticen la eficacia y eficiencia en la gesti\u00f3n, de acuerdo con los requisitos legales aplicables a la instituci\u00f3n y lo estipulado en el PEI.<\/span><\/li>\n<li style=\"font-weight: 400;\" aria-level=\"4\"><span style=\"font-weight: 400;\">Seleccionar y contratar personas id\u00f3neas y competentes que satisfagan las necesidades y colmen las expectativas de los clientes, a trav\u00e9s de metodolog\u00edas de evaluaci\u00f3n estandarizadas.<\/span><\/li>\n<li style=\"font-weight: 400;\" aria-level=\"4\"><span style=\"font-weight: 400;\">Desarrollar estrategias de seguimiento enfocadas al crecimiento de la Instituci\u00f3n Educativa y la sostenibilidad.<\/span><\/li>\n<\/ul>\n<p>\n<\/div><div class=\"btClear btSeparator topSpaced noBorder\" ><hr><\/div><\/div><\/div><div class=\"rowItem col-md-6 col-sm-12 btTextLeft animate animate-fadein animate-moveleft btTopVertical wBackground cover\" style=\"background-image: url(https:\/\/www.coomulsap.com\/portal\/wp-content\/uploads\/2020\/06\/WhatsApp-Image-2020-06-25-at-3.20.39-PM-3.jpeg);\" data-width=\"6\"><div class=\"rowItemContent\" ><div class=\"btText\" ><p><\/p>\n<\/div><\/div><\/div><\/div><\/div><div class=\"boldRow \" ><div class=\"boldRowInner\"><div class=\"rowItem col-md-6 col-sm-12 btTextLeft animate animate-fadein animate-moveright btTopVertical wBackground cover\" style=\"background-image: url(https:\/\/www.coomulsap.com\/portal\/wp-content\/uploads\/2020\/06\/WhatsApp-Image-2020-06-25-at-4.37.34-PM-2.jpeg);\" data-width=\"6\"><div class=\"rowItemContent\" ><div class=\"btText\" ><p><\/p>\n<\/div><\/div><\/div><div class=\"rowItem col-md-6 col-sm-12 btTextLeft animate animate-fadein animate-moveleft btTopVertical btDarkSkin\" style=\"background-color: rgba(19, 75, 140, 1); \" data-width=\"6\"><div class=\"rowItemContent\" ><div class=\"btClear btSeparator topSpaced noBorder\" ><hr><\/div><div class=\"btText\" ><\/p>\n<p><b>Nuestra oferta de valor\u00a0<\/b><\/p>\n<ul>\n<li style=\"font-weight: 400;\" aria-level=\"1\"><span style=\"font-weight: 400;\">Somos la \u00fanica IETDH (Instituci\u00f3n de Educaci\u00f3n para el Trabajo y el Desarrollo Humano) del corregimiento.<\/span><\/li>\n<li style=\"font-weight: 400;\" aria-level=\"1\"><span style=\"font-weight: 400;\">Estamos certificados en calidad<\/span><\/li>\n<li style=\"font-weight: 400;\" aria-level=\"1\"><span style=\"font-weight: 400;\">Nuestros programas tienen reconocimiento y certificaci\u00f3n SENA, por tanto, podr\u00edas acceder a contrato de Aprendizaje.<\/span><\/li>\n<li style=\"font-weight: 400;\" aria-level=\"1\"><span style=\"font-weight: 400;\">Brindamos experiencias formativas especializadas.<\/span><\/li>\n<li style=\"font-weight: 400;\" aria-level=\"1\"><span style=\"font-weight: 400;\">Aportamos a la transformaci\u00f3n y competitividad de las empresas o emprendimientos.<\/span><\/li>\n<li style=\"font-weight: 400;\" aria-level=\"1\"><span style=\"font-weight: 400;\">Contamos con un equipo Interdisciplinario de talento humano.<\/span><\/li>\n<li style=\"font-weight: 400;\" aria-level=\"1\"><span style=\"font-weight: 400;\">Mediante nuestros procesos se crean conexiones, gracias al intercambio de<\/span><\/li>\n<li style=\"font-weight: 400;\" aria-level=\"1\"><span style=\"font-weight: 400;\">experiencias empresariales de los propios participantes.<\/span><\/li>\n<li style=\"font-weight: 400;\" aria-level=\"1\"><span style=\"font-weight: 400;\">Contribuimos al desarrollo profesional y la empleabilidad de nuestros<\/span><\/li>\n<li style=\"font-weight: 400;\" aria-level=\"1\"><span style=\"font-weight: 400;\">participantes<\/span><\/li>\n<\/ul>\n<p>\n<\/div><div class=\"btClear btSeparator topSpaced noBorder\" ><hr><\/div><\/div><\/div><\/div><\/div><div class=\"boldRow \" ><div class=\"boldRowInner\"><div class=\"rowItem col-md-12 col-ms-12  btTextLeft\"  data-width=\"12\"><div class=\"rowItemContent\" ><div class=\"btClear btSeparator topSmallSpaced bottomSemiSpaced noBorder\" ><hr><\/div><\/div><\/div><\/div><\/div><\/div><\/div><\/div><\/section><\/p>\n","protected":false},"excerpt":{"rendered":"","protected":false},"author":1,"featured_media":0,"parent":0,"menu_order":0,"comment_status":"closed","ping_status":"closed","template":"","meta":[],"_links":{"self":[{"href":"https:\/\/www.coomulsap.com\/portal\/wp-json\/wp\/v2\/pages\/8157"}],"collection":[{"href":"https:\/\/www.coomulsap.com\/portal\/wp-json\/wp\/v2\/pages"}],"about":[{"href":"https:\/\/www.coomulsap.com\/portal\/wp-json\/wp\/v2\/types\/page"}],"author":[{"embeddable":true,"href":"https:\/\/www.coomulsap.com\/portal\/wp-json\/wp\/v2\/users\/1"}],"replies":[{"embeddable":true,"href":"https:\/\/www.coomulsap.com\/portal\/wp-json\/wp\/v2\/comments?post=8157"}],"version-history":[{"count":1,"href":"https:\/\/www.coomulsap.com\/portal\/wp-json\/wp\/v2\/pages\/8157\/revisions"}],"predecessor-version":[{"id":8158,"href":"https:\/\/www.coomulsap.com\/portal\/wp-json\/wp\/v2\/pages\/8157\/revisions\/8158"}],"wp:attachment":[{"href":"https:\/\/www.coomulsap.com\/portal\/wp-json\/wp\/v2\/media?parent=8157"}],"curies":[{"name":"wp","href":"https:\/\/api.w.org\/{rel}","templated":true}]}}